{"id":1021,"date":"2015-06-10T15:10:10","date_gmt":"2015-06-10T13:10:10","guid":{"rendered":"http:\/\/www.lloydsbaiahotel.it\/home-page-2\/"},"modified":"2015-10-26T17:21:07","modified_gmt":"2015-10-26T16:21:07","slug":"home-page","status":"publish","type":"page","link":"https:\/\/www.lloydsbaiahotel.it\/de\/","title":{"rendered":"Home Page"},"content":{"rendered":"<p>Die Magie eines atemberaubenden Ausblicks entfaltet sich vor den Blicken der G\u00e4ste des <strong>Lloyd&#8217;s Baia<\/strong>, dem charmanten <strong>Hotel an der Amalfik\u00fcste<\/strong>.\u00a0Das zauberhafte Hotel hoch \u00fcber dem Meer ist das Sinnbild f\u00fcr Gastfreundschaft, verstanden als hohe Kunst, die im Stil der Zimmer, im Privatstrand und in den ma\u00dfgeschneiderten Leistungen f\u00fcr Reisende ihren Ausdruck findet.<\/p>\n<p>Die beneidenswerte <strong>Lage des Hotels<\/strong> umrahmt von den Felsen der K\u00fcste und mit Blick auf den Golf von Salerno erm\u00f6glicht es Ihnen, jeden Tag das unvergleichliche Spektakel des Sonnenuntergangs am Meer zu bestaunen und sich von einer romantisch-exklusiven Atmosph\u00e4re davontragen zu lassen.<\/p>\n<p>Entdecken Sie die alte Tradition der T\u00f6pferkunst in <strong>Vietri sul Mare<\/strong>, die weltweit bekannte Kunstwerke hervorbringt, und besuchen Sie die bekanntesten Touristenorte wie Salerno, nur wenige Meter vom Hotel entfernt, Positano und Amalfi.<\/p>\n<p>Verw\u00f6hnen Sie Ihre Sinne mit den Gaumenfreuden im Restaurant Re Maur\u00ec, dessen Chefkoch der mediterranen Urspr\u00fcnglichkeit meisterhaft und phantasievoll Respekt zollt.<br \/>\nIm <strong>Lloyd&#8217;s Baia Hotel<\/strong> sorgt all das f\u00fcr ein unsch\u00e4tzbares Wohlgef\u00fchl, bei dem Ihre Tr\u00e4ume Gestalt annehmen und zu lebhaften Emotionen heranreifen.<\/p>\n","protected":false},"excerpt":{"rendered":"Die Magie eines atemberaubenden Ausblicks entfaltet sich vor den Blicken der G\u00e4ste des Lloyd&#8217;s Baia, dem charmanten Hotel an der Amalfik\u00fcste.\u00a0Das zauberhafte Hotel hoch \u00fcber dem Meer ist das Sinnbild f\u00fcr Gastfreundschaft, verstanden als hohe Kunst, die im Stil der Zimmer, im Privatstrand und in den ma\u00dfgeschneiderten Leistungen f\u00fcr Reisende ihren Ausdruck findet. Die beneidenswerte&#8230; <a class=\"view-article\" href=\"https:\/\/www.lloydsbaiahotel.it\/de\/\">Artikel ansehen<\/a>","protected":false},"author":1,"featured_media":0,"parent":0,"menu_order":0,"comment_status":"closed","ping_status":"open","template":"template-home-page.php","meta":{"_acf_changed":false,"footnotes":""},"acf":[],"yoast_head":"<!-- This site is optimized with the Yoast SEO plugin v23.1 - https:\/\/yoast.com\/wordpress\/plugins\/seo\/ -->\n<title>4 Sterne Vietri sul Mare | Lloyd&#039;s Baia | Charming Hotel Amalfik\u00fcste<\/title>\n<meta name=\"description\" content=\"Lloyd Baia Vietri sul Mare, ist ein 4-Sterne-Hotel an der Amalfik\u00fcste. Charmante Hotel ideal f\u00fcr einen unvergesslichen Urlaub. Entdecken Sie Sonderangebote!\" \/>\n<meta name=\"robots\" content=\"index, follow, max-snippet:-1, max-image-preview:large, max-video-preview:-1\" \/>\n<link rel=\"canonical\" href=\"https:\/\/www.lloydsbaiahotel.it\/de\/\" \/>\n<meta property=\"og:locale\" content=\"de_DE\" \/>\n<meta property=\"og:type\" content=\"article\" \/>\n<meta property=\"og:title\" content=\"4 Sterne Vietri sul Mare | Lloyd&#039;s Baia | Charming Hotel Amalfik\u00fcste\" \/>\n<meta property=\"og:description\" content=\"Lloyd Baia Vietri sul Mare, ist ein 4-Sterne-Hotel an der Amalfik\u00fcste. Charmante Hotel ideal f\u00fcr einen unvergesslichen Urlaub. Entdecken Sie Sonderangebote!\" \/>\n<meta property=\"og:url\" content=\"https:\/\/www.lloydsbaiahotel.it\/de\/\" \/>\n<meta property=\"og:site_name\" content=\"Lloyd&#039;s Baia\" \/>\n<meta property=\"article:modified_time\" content=\"2015-10-26T16:21:07+00:00\" \/>\n<meta name=\"twitter:card\" content=\"summary_large_image\" \/>\n<meta name=\"twitter:label1\" content=\"Gesch\u00e4tzte Lesezeit\" \/>\n\t<meta name=\"twitter:data1\" content=\"1\u00a0Minute\" \/>\n<script type=\"application\/ld+json\" class=\"yoast-schema-graph\">{\"@context\":\"https:\/\/schema.org\",\"@graph\":[{\"@type\":\"WebPage\",\"@id\":\"https:\/\/www.lloydsbaiahotel.it\/de\/\",\"url\":\"https:\/\/www.lloydsbaiahotel.it\/de\/\",\"name\":\"4 Sterne Vietri sul Mare | Lloyd's Baia | Charming Hotel Amalfik\u00fcste\",\"isPartOf\":{\"@id\":\"https:\/\/www.lloydsbaiahotel.it\/#website\"},\"datePublished\":\"2015-06-10T13:10:10+00:00\",\"dateModified\":\"2015-10-26T16:21:07+00:00\",\"description\":\"Lloyd Baia Vietri sul Mare, ist ein 4-Sterne-Hotel an der Amalfik\u00fcste. Charmante Hotel ideal f\u00fcr einen unvergesslichen Urlaub. Entdecken Sie Sonderangebote!\",\"breadcrumb\":{\"@id\":\"https:\/\/www.lloydsbaiahotel.it\/de\/#breadcrumb\"},\"inLanguage\":\"de\",\"potentialAction\":[{\"@type\":\"ReadAction\",\"target\":[\"https:\/\/www.lloydsbaiahotel.it\/de\/\"]}]},{\"@type\":\"BreadcrumbList\",\"@id\":\"https:\/\/www.lloydsbaiahotel.it\/de\/#breadcrumb\",\"itemListElement\":[{\"@type\":\"ListItem\",\"position\":1,\"name\":\"Home\",\"item\":\"https:\/\/www.lloydsbaiahotel.it\/de\/\"},{\"@type\":\"ListItem\",\"position\":2,\"name\":\"Home Page\"}]},{\"@type\":\"WebSite\",\"@id\":\"https:\/\/www.lloydsbaiahotel.it\/#website\",\"url\":\"https:\/\/www.lloydsbaiahotel.it\/\",\"name\":\"Lloyd&#039;s Baia\",\"description\":\"\",\"potentialAction\":[{\"@type\":\"SearchAction\",\"target\":{\"@type\":\"EntryPoint\",\"urlTemplate\":\"https:\/\/www.lloydsbaiahotel.it\/?s={search_term_string}\"},\"query-input\":\"required name=search_term_string\"}],\"inLanguage\":\"de\"}]}<\/script>\n<!-- \/ Yoast SEO plugin. -->","yoast_head_json":{"title":"4 Sterne Vietri sul Mare | Lloyd's Baia | Charming Hotel Amalfik\u00fcste","description":"Lloyd Baia Vietri sul Mare, ist ein 4-Sterne-Hotel an der Amalfik\u00fcste. Charmante Hotel ideal f\u00fcr einen unvergesslichen Urlaub. Entdecken Sie Sonderangebote!","robots":{"index":"index","follow":"follow","max-snippet":"max-snippet:-1","max-image-preview":"max-image-preview:large","max-video-preview":"max-video-preview:-1"},"canonical":"https:\/\/www.lloydsbaiahotel.it\/de\/","og_locale":"de_DE","og_type":"article","og_title":"4 Sterne Vietri sul Mare | Lloyd's Baia | Charming Hotel Amalfik\u00fcste","og_description":"Lloyd Baia Vietri sul Mare, ist ein 4-Sterne-Hotel an der Amalfik\u00fcste. Charmante Hotel ideal f\u00fcr einen unvergesslichen Urlaub. Entdecken Sie Sonderangebote!","og_url":"https:\/\/www.lloydsbaiahotel.it\/de\/","og_site_name":"Lloyd&#039;s Baia","article_modified_time":"2015-10-26T16:21:07+00:00","twitter_card":"summary_large_image","twitter_misc":{"Gesch\u00e4tzte Lesezeit":"1\u00a0Minute"},"schema":{"@context":"https:\/\/schema.org","@graph":[{"@type":"WebPage","@id":"https:\/\/www.lloydsbaiahotel.it\/de\/","url":"https:\/\/www.lloydsbaiahotel.it\/de\/","name":"4 Sterne Vietri sul Mare | Lloyd's Baia | Charming Hotel Amalfik\u00fcste","isPartOf":{"@id":"https:\/\/www.lloydsbaiahotel.it\/#website"},"datePublished":"2015-06-10T13:10:10+00:00","dateModified":"2015-10-26T16:21:07+00:00","description":"Lloyd Baia Vietri sul Mare, ist ein 4-Sterne-Hotel an der Amalfik\u00fcste. Charmante Hotel ideal f\u00fcr einen unvergesslichen Urlaub. Entdecken Sie Sonderangebote!","breadcrumb":{"@id":"https:\/\/www.lloydsbaiahotel.it\/de\/#breadcrumb"},"inLanguage":"de","potentialAction":[{"@type":"ReadAction","target":["https:\/\/www.lloydsbaiahotel.it\/de\/"]}]},{"@type":"BreadcrumbList","@id":"https:\/\/www.lloydsbaiahotel.it\/de\/#breadcrumb","itemListElement":[{"@type":"ListItem","position":1,"name":"Home","item":"https:\/\/www.lloydsbaiahotel.it\/de\/"},{"@type":"ListItem","position":2,"name":"Home Page"}]},{"@type":"WebSite","@id":"https:\/\/www.lloydsbaiahotel.it\/#website","url":"https:\/\/www.lloydsbaiahotel.it\/","name":"Lloyd&#039;s Baia","description":"","potentialAction":[{"@type":"SearchAction","target":{"@type":"EntryPoint","urlTemplate":"https:\/\/www.lloydsbaiahotel.it\/?s={search_term_string}"},"query-input":"required name=search_term_string"}],"inLanguage":"de"}]}},"_links":{"self":[{"href":"https:\/\/www.lloydsbaiahotel.it\/de\/wp-json\/wp\/v2\/pages\/1021"}],"collection":[{"href":"https:\/\/www.lloydsbaiahotel.it\/de\/wp-json\/wp\/v2\/pages"}],"about":[{"href":"https:\/\/www.lloydsbaiahotel.it\/de\/wp-json\/wp\/v2\/types\/page"}],"author":[{"embeddable":true,"href":"https:\/\/www.lloydsbaiahotel.it\/de\/wp-json\/wp\/v2\/users\/1"}],"replies":[{"embeddable":true,"href":"https:\/\/www.lloydsbaiahotel.it\/de\/wp-json\/wp\/v2\/comments?post=1021"}],"version-history":[{"count":2,"href":"https:\/\/www.lloydsbaiahotel.it\/de\/wp-json\/wp\/v2\/pages\/1021\/revisions"}],"predecessor-version":[{"id":1023,"href":"https:\/\/www.lloydsbaiahotel.it\/de\/wp-json\/wp\/v2\/pages\/1021\/revisions\/1023"}],"wp:attachment":[{"href":"https:\/\/www.lloydsbaiahotel.it\/de\/wp-json\/wp\/v2\/media?parent=1021"}],"curies":[{"name":"wp","href":"https:\/\/api.w.org\/{rel}","templated":true}]}}