{"id":1051,"date":"2015-05-05T10:05:05","date_gmt":"2015-05-05T08:05:05","guid":{"rendered":"http:\/\/www.lloydsbaiahotel.it\/das-hotel\/restaurants\/"},"modified":"2020-05-30T17:35:27","modified_gmt":"2020-05-30T15:35:27","slug":"restaurants","status":"publish","type":"page","link":"https:\/\/www.lloydsbaiahotel.it\/de\/das-hotel\/restaurants\/","title":{"rendered":"Restaurants"},"content":{"rendered":"","protected":false},"excerpt":{"rendered":"","protected":false},"author":1,"featured_media":255,"parent":1024,"menu_order":0,"comment_status":"open","ping_status":"open","template":"template-page-builder.php","meta":{"_acf_changed":false,"footnotes":""},"acf":[],"yoast_head":"<!-- This site is optimized with the Yoast SEO plugin v23.1 - https:\/\/yoast.com\/wordpress\/plugins\/seo\/ -->\n<title>Restaurants<\/title>\n<meta name=\"description\" content=\"Der Duft von Zitronen, die Vorz\u00fcglichkeit von frischem Fisch und die Fr\u00f6hlichkeit der Farben der mediterranen K\u00fcche hei\u00dfen Sie willkommen im Lloyd\u2019s Baia Restaurant.\" \/>\n<meta name=\"robots\" content=\"index, follow, max-snippet:-1, max-image-preview:large, max-video-preview:-1\" \/>\n<link rel=\"canonical\" href=\"https:\/\/www.lloydsbaiahotel.it\/de\/das-hotel\/restaurants\/\" \/>\n<meta property=\"og:locale\" content=\"de_DE\" \/>\n<meta property=\"og:type\" content=\"article\" \/>\n<meta property=\"og:title\" content=\"Restaurants\" \/>\n<meta property=\"og:description\" content=\"Der Duft von Zitronen, die Vorz\u00fcglichkeit von frischem Fisch und die Fr\u00f6hlichkeit der Farben der mediterranen K\u00fcche hei\u00dfen Sie willkommen im Lloyd\u2019s Baia Restaurant.\" \/>\n<meta property=\"og:url\" content=\"https:\/\/www.lloydsbaiahotel.it\/de\/das-hotel\/restaurants\/\" \/>\n<meta property=\"og:site_name\" content=\"Lloyd&#039;s Baia\" \/>\n<meta property=\"article:modified_time\" content=\"2020-05-30T15:35:27+00:00\" \/>\n<meta property=\"og:image\" content=\"https:\/\/www.lloydsbaiahotel.it\/wp-content\/uploads\/2015\/05\/ReMauri61.jpg\" \/>\n\t<meta property=\"og:image:width\" content=\"1680\" \/>\n\t<meta property=\"og:image:height\" content=\"1050\" \/>\n\t<meta property=\"og:image:type\" content=\"image\/jpeg\" \/>\n<meta name=\"twitter:card\" content=\"summary_large_image\" \/>\n<script type=\"application\/ld+json\" class=\"yoast-schema-graph\">{\"@context\":\"https:\/\/schema.org\",\"@graph\":[{\"@type\":\"WebPage\",\"@id\":\"https:\/\/www.lloydsbaiahotel.it\/de\/das-hotel\/restaurants\/\",\"url\":\"https:\/\/www.lloydsbaiahotel.it\/de\/das-hotel\/restaurants\/\",\"name\":\"Restaurants\",\"isPartOf\":{\"@id\":\"https:\/\/www.lloydsbaiahotel.it\/#website\"},\"primaryImageOfPage\":{\"@id\":\"https:\/\/www.lloydsbaiahotel.it\/de\/das-hotel\/restaurants\/#primaryimage\"},\"image\":{\"@id\":\"https:\/\/www.lloydsbaiahotel.it\/de\/das-hotel\/restaurants\/#primaryimage\"},\"thumbnailUrl\":\"https:\/\/www.lloydsbaiahotel.it\/wp-content\/uploads\/2015\/05\/ReMauri61.jpg\",\"datePublished\":\"2015-05-05T08:05:05+00:00\",\"dateModified\":\"2020-05-30T15:35:27+00:00\",\"description\":\"Der Duft von Zitronen, die Vorz\u00fcglichkeit von frischem Fisch und die Fr\u00f6hlichkeit der Farben der mediterranen K\u00fcche hei\u00dfen Sie willkommen im Lloyd\u2019s Baia Restaurant.\",\"breadcrumb\":{\"@id\":\"https:\/\/www.lloydsbaiahotel.it\/de\/das-hotel\/restaurants\/#breadcrumb\"},\"inLanguage\":\"de\",\"potentialAction\":[{\"@type\":\"ReadAction\",\"target\":[\"https:\/\/www.lloydsbaiahotel.it\/de\/das-hotel\/restaurants\/\"]}]},{\"@type\":\"ImageObject\",\"inLanguage\":\"de\",\"@id\":\"https:\/\/www.lloydsbaiahotel.it\/de\/das-hotel\/restaurants\/#primaryimage\",\"url\":\"https:\/\/www.lloydsbaiahotel.it\/wp-content\/uploads\/2015\/05\/ReMauri61.jpg\",\"contentUrl\":\"https:\/\/www.lloydsbaiahotel.it\/wp-content\/uploads\/2015\/05\/ReMauri61.jpg\",\"width\":1680,\"height\":1050},{\"@type\":\"BreadcrumbList\",\"@id\":\"https:\/\/www.lloydsbaiahotel.it\/de\/das-hotel\/restaurants\/#breadcrumb\",\"itemListElement\":[{\"@type\":\"ListItem\",\"position\":1,\"name\":\"Home\",\"item\":\"https:\/\/www.lloydsbaiahotel.it\/de\/\"},{\"@type\":\"ListItem\",\"position\":2,\"name\":\"Hotel\",\"item\":\"https:\/\/www.lloydsbaiahotel.it\/de\/das-hotel\/\"},{\"@type\":\"ListItem\",\"position\":3,\"name\":\"Restaurants\"}]},{\"@type\":\"WebSite\",\"@id\":\"https:\/\/www.lloydsbaiahotel.it\/#website\",\"url\":\"https:\/\/www.lloydsbaiahotel.it\/\",\"name\":\"Lloyd&#039;s Baia\",\"description\":\"\",\"potentialAction\":[{\"@type\":\"SearchAction\",\"target\":{\"@type\":\"EntryPoint\",\"urlTemplate\":\"https:\/\/www.lloydsbaiahotel.it\/?s={search_term_string}\"},\"query-input\":\"required name=search_term_string\"}],\"inLanguage\":\"de\"}]}<\/script>\n<!-- \/ Yoast SEO plugin. -->","yoast_head_json":{"title":"Restaurants","description":"Der Duft von Zitronen, die Vorz\u00fcglichkeit von frischem Fisch und die Fr\u00f6hlichkeit der Farben der mediterranen K\u00fcche hei\u00dfen Sie willkommen im Lloyd\u2019s Baia Restaurant.","robots":{"index":"index","follow":"follow","max-snippet":"max-snippet:-1","max-image-preview":"max-image-preview:large","max-video-preview":"max-video-preview:-1"},"canonical":"https:\/\/www.lloydsbaiahotel.it\/de\/das-hotel\/restaurants\/","og_locale":"de_DE","og_type":"article","og_title":"Restaurants","og_description":"Der Duft von Zitronen, die Vorz\u00fcglichkeit von frischem Fisch und die Fr\u00f6hlichkeit der Farben der mediterranen K\u00fcche hei\u00dfen Sie willkommen im Lloyd\u2019s Baia Restaurant.","og_url":"https:\/\/www.lloydsbaiahotel.it\/de\/das-hotel\/restaurants\/","og_site_name":"Lloyd&#039;s Baia","article_modified_time":"2020-05-30T15:35:27+00:00","og_image":[{"width":1680,"height":1050,"url":"https:\/\/www.lloydsbaiahotel.it\/wp-content\/uploads\/2015\/05\/ReMauri61.jpg","type":"image\/jpeg"}],"twitter_card":"summary_large_image","schema":{"@context":"https:\/\/schema.org","@graph":[{"@type":"WebPage","@id":"https:\/\/www.lloydsbaiahotel.it\/de\/das-hotel\/restaurants\/","url":"https:\/\/www.lloydsbaiahotel.it\/de\/das-hotel\/restaurants\/","name":"Restaurants","isPartOf":{"@id":"https:\/\/www.lloydsbaiahotel.it\/#website"},"primaryImageOfPage":{"@id":"https:\/\/www.lloydsbaiahotel.it\/de\/das-hotel\/restaurants\/#primaryimage"},"image":{"@id":"https:\/\/www.lloydsbaiahotel.it\/de\/das-hotel\/restaurants\/#primaryimage"},"thumbnailUrl":"https:\/\/www.lloydsbaiahotel.it\/wp-content\/uploads\/2015\/05\/ReMauri61.jpg","datePublished":"2015-05-05T08:05:05+00:00","dateModified":"2020-05-30T15:35:27+00:00","description":"Der Duft von Zitronen, die Vorz\u00fcglichkeit von frischem Fisch und die Fr\u00f6hlichkeit der Farben der mediterranen K\u00fcche hei\u00dfen Sie willkommen im Lloyd\u2019s Baia Restaurant.","breadcrumb":{"@id":"https:\/\/www.lloydsbaiahotel.it\/de\/das-hotel\/restaurants\/#breadcrumb"},"inLanguage":"de","potentialAction":[{"@type":"ReadAction","target":["https:\/\/www.lloydsbaiahotel.it\/de\/das-hotel\/restaurants\/"]}]},{"@type":"ImageObject","inLanguage":"de","@id":"https:\/\/www.lloydsbaiahotel.it\/de\/das-hotel\/restaurants\/#primaryimage","url":"https:\/\/www.lloydsbaiahotel.it\/wp-content\/uploads\/2015\/05\/ReMauri61.jpg","contentUrl":"https:\/\/www.lloydsbaiahotel.it\/wp-content\/uploads\/2015\/05\/ReMauri61.jpg","width":1680,"height":1050},{"@type":"BreadcrumbList","@id":"https:\/\/www.lloydsbaiahotel.it\/de\/das-hotel\/restaurants\/#breadcrumb","itemListElement":[{"@type":"ListItem","position":1,"name":"Home","item":"https:\/\/www.lloydsbaiahotel.it\/de\/"},{"@type":"ListItem","position":2,"name":"Hotel","item":"https:\/\/www.lloydsbaiahotel.it\/de\/das-hotel\/"},{"@type":"ListItem","position":3,"name":"Restaurants"}]},{"@type":"WebSite","@id":"https:\/\/www.lloydsbaiahotel.it\/#website","url":"https:\/\/www.lloydsbaiahotel.it\/","name":"Lloyd&#039;s Baia","description":"","potentialAction":[{"@type":"SearchAction","target":{"@type":"EntryPoint","urlTemplate":"https:\/\/www.lloydsbaiahotel.it\/?s={search_term_string}"},"query-input":"required name=search_term_string"}],"inLanguage":"de"}]}},"_links":{"self":[{"href":"https:\/\/www.lloydsbaiahotel.it\/de\/wp-json\/wp\/v2\/pages\/1051"}],"collection":[{"href":"https:\/\/www.lloydsbaiahotel.it\/de\/wp-json\/wp\/v2\/pages"}],"about":[{"href":"https:\/\/www.lloydsbaiahotel.it\/de\/wp-json\/wp\/v2\/types\/page"}],"author":[{"embeddable":true,"href":"https:\/\/www.lloydsbaiahotel.it\/de\/wp-json\/wp\/v2\/users\/1"}],"replies":[{"embeddable":true,"href":"https:\/\/www.lloydsbaiahotel.it\/de\/wp-json\/wp\/v2\/comments?post=1051"}],"version-history":[{"count":14,"href":"https:\/\/www.lloydsbaiahotel.it\/de\/wp-json\/wp\/v2\/pages\/1051\/revisions"}],"predecessor-version":[{"id":2701,"href":"https:\/\/www.lloydsbaiahotel.it\/de\/wp-json\/wp\/v2\/pages\/1051\/revisions\/2701"}],"up":[{"embeddable":true,"href":"https:\/\/www.lloydsbaiahotel.it\/de\/wp-json\/wp\/v2\/pages\/1024"}],"wp:featuredmedia":[{"embeddable":true,"href":"https:\/\/www.lloydsbaiahotel.it\/de\/wp-json\/wp\/v2\/media\/255"}],"wp:attachment":[{"href":"https:\/\/www.lloydsbaiahotel.it\/de\/wp-json\/wp\/v2\/media?parent=1051"}],"curies":[{"name":"wp","href":"https:\/\/api.w.org\/{rel}","templated":true}]}}