{"id":1054,"date":"2015-06-17T14:57:44","date_gmt":"2015-06-17T12:57:44","guid":{"rendered":"http:\/\/www.lloydsbaiahotel.it\/hotel\/restaurants\/lloyds-baia\/"},"modified":"2017-06-20T17:03:15","modified_gmt":"2017-06-20T15:03:15","slug":"lloyds-baia","status":"publish","type":"page","link":"https:\/\/www.lloydsbaiahotel.it\/de\/das-hotel\/restaurants\/lloyds-baia\/","title":{"rendered":"Lloyd\u2019s Baia Restaurant"},"content":{"rendered":"","protected":false},"excerpt":{"rendered":"","protected":false},"author":1,"featured_media":252,"parent":1051,"menu_order":0,"comment_status":"open","ping_status":"open","template":"template-page-builder.php","meta":{"_acf_changed":false,"footnotes":""},"acf":[],"yoast_head":"<!-- This site is optimized with the Yoast SEO plugin v23.1 - https:\/\/yoast.com\/wordpress\/plugins\/seo\/ -->\n<title>Lloyd\u2019s Baia Restaurant<\/title>\n<meta name=\"description\" content=\"Der Duft von Zitronen, die Vorz\u00fcglichkeit von frischem Fisch und die Fr\u00f6hlichkeit der Farben der mediterranen K\u00fcche hei\u00dfen Sie willkommen im Lloyd\u2019s Baia Restaurant.\" \/>\n<meta name=\"robots\" content=\"index, follow, max-snippet:-1, max-image-preview:large, max-video-preview:-1\" \/>\n<link rel=\"canonical\" href=\"https:\/\/www.lloydsbaiahotel.it\/de\/das-hotel\/restaurants\/lloyds-baia\/\" \/>\n<meta property=\"og:locale\" content=\"de_DE\" \/>\n<meta property=\"og:type\" content=\"article\" \/>\n<meta property=\"og:title\" content=\"Lloyd\u2019s Baia Restaurant\" \/>\n<meta property=\"og:description\" content=\"Der Duft von Zitronen, die Vorz\u00fcglichkeit von frischem Fisch und die Fr\u00f6hlichkeit der Farben der mediterranen K\u00fcche hei\u00dfen Sie willkommen im Lloyd\u2019s Baia Restaurant.\" \/>\n<meta property=\"og:url\" content=\"https:\/\/www.lloydsbaiahotel.it\/de\/das-hotel\/restaurants\/lloyds-baia\/\" \/>\n<meta property=\"og:site_name\" content=\"Lloyd&#039;s Baia\" \/>\n<meta property=\"article:modified_time\" content=\"2017-06-20T15:03:15+00:00\" \/>\n<meta property=\"og:image\" content=\"https:\/\/www.lloydsbaiahotel.it\/wp-content\/uploads\/2015\/06\/Sala-Vietri1.jpg\" \/>\n\t<meta property=\"og:image:width\" content=\"1680\" \/>\n\t<meta property=\"og:image:height\" content=\"1050\" \/>\n\t<meta property=\"og:image:type\" content=\"image\/jpeg\" \/>\n<meta name=\"twitter:card\" content=\"summary_large_image\" \/>\n<script type=\"application\/ld+json\" class=\"yoast-schema-graph\">{\"@context\":\"https:\/\/schema.org\",\"@graph\":[{\"@type\":\"WebPage\",\"@id\":\"https:\/\/www.lloydsbaiahotel.it\/de\/das-hotel\/restaurants\/lloyds-baia\/\",\"url\":\"https:\/\/www.lloydsbaiahotel.it\/de\/das-hotel\/restaurants\/lloyds-baia\/\",\"name\":\"Lloyd\u2019s Baia Restaurant\",\"isPartOf\":{\"@id\":\"https:\/\/www.lloydsbaiahotel.it\/#website\"},\"primaryImageOfPage\":{\"@id\":\"https:\/\/www.lloydsbaiahotel.it\/de\/das-hotel\/restaurants\/lloyds-baia\/#primaryimage\"},\"image\":{\"@id\":\"https:\/\/www.lloydsbaiahotel.it\/de\/das-hotel\/restaurants\/lloyds-baia\/#primaryimage\"},\"thumbnailUrl\":\"https:\/\/www.lloydsbaiahotel.it\/wp-content\/uploads\/2015\/06\/Sala-Vietri1.jpg\",\"datePublished\":\"2015-06-17T12:57:44+00:00\",\"dateModified\":\"2017-06-20T15:03:15+00:00\",\"description\":\"Der Duft von Zitronen, die Vorz\u00fcglichkeit von frischem Fisch und die Fr\u00f6hlichkeit der Farben der mediterranen K\u00fcche hei\u00dfen Sie willkommen im Lloyd\u2019s Baia Restaurant.\",\"breadcrumb\":{\"@id\":\"https:\/\/www.lloydsbaiahotel.it\/de\/das-hotel\/restaurants\/lloyds-baia\/#breadcrumb\"},\"inLanguage\":\"de\",\"potentialAction\":[{\"@type\":\"ReadAction\",\"target\":[\"https:\/\/www.lloydsbaiahotel.it\/de\/das-hotel\/restaurants\/lloyds-baia\/\"]}]},{\"@type\":\"ImageObject\",\"inLanguage\":\"de\",\"@id\":\"https:\/\/www.lloydsbaiahotel.it\/de\/das-hotel\/restaurants\/lloyds-baia\/#primaryimage\",\"url\":\"https:\/\/www.lloydsbaiahotel.it\/wp-content\/uploads\/2015\/06\/Sala-Vietri1.jpg\",\"contentUrl\":\"https:\/\/www.lloydsbaiahotel.it\/wp-content\/uploads\/2015\/06\/Sala-Vietri1.jpg\",\"width\":1680,\"height\":1050},{\"@type\":\"BreadcrumbList\",\"@id\":\"https:\/\/www.lloydsbaiahotel.it\/de\/das-hotel\/restaurants\/lloyds-baia\/#breadcrumb\",\"itemListElement\":[{\"@type\":\"ListItem\",\"position\":1,\"name\":\"Home\",\"item\":\"https:\/\/www.lloydsbaiahotel.it\/de\/\"},{\"@type\":\"ListItem\",\"position\":2,\"name\":\"Hotel\",\"item\":\"https:\/\/www.lloydsbaiahotel.it\/de\/das-hotel\/\"},{\"@type\":\"ListItem\",\"position\":3,\"name\":\"Restaurants\",\"item\":\"https:\/\/www.lloydsbaiahotel.it\/de\/das-hotel\/restaurants\/\"},{\"@type\":\"ListItem\",\"position\":4,\"name\":\"Lloyd\u2019s Baia Restaurant\"}]},{\"@type\":\"WebSite\",\"@id\":\"https:\/\/www.lloydsbaiahotel.it\/#website\",\"url\":\"https:\/\/www.lloydsbaiahotel.it\/\",\"name\":\"Lloyd&#039;s Baia\",\"description\":\"\",\"potentialAction\":[{\"@type\":\"SearchAction\",\"target\":{\"@type\":\"EntryPoint\",\"urlTemplate\":\"https:\/\/www.lloydsbaiahotel.it\/?s={search_term_string}\"},\"query-input\":\"required name=search_term_string\"}],\"inLanguage\":\"de\"}]}<\/script>\n<!-- \/ Yoast SEO plugin. -->","yoast_head_json":{"title":"Lloyd\u2019s Baia Restaurant","description":"Der Duft von Zitronen, die Vorz\u00fcglichkeit von frischem Fisch und die Fr\u00f6hlichkeit der Farben der mediterranen K\u00fcche hei\u00dfen Sie willkommen im Lloyd\u2019s Baia Restaurant.","robots":{"index":"index","follow":"follow","max-snippet":"max-snippet:-1","max-image-preview":"max-image-preview:large","max-video-preview":"max-video-preview:-1"},"canonical":"https:\/\/www.lloydsbaiahotel.it\/de\/das-hotel\/restaurants\/lloyds-baia\/","og_locale":"de_DE","og_type":"article","og_title":"Lloyd\u2019s Baia Restaurant","og_description":"Der Duft von Zitronen, die Vorz\u00fcglichkeit von frischem Fisch und die Fr\u00f6hlichkeit der Farben der mediterranen K\u00fcche hei\u00dfen Sie willkommen im Lloyd\u2019s Baia Restaurant.","og_url":"https:\/\/www.lloydsbaiahotel.it\/de\/das-hotel\/restaurants\/lloyds-baia\/","og_site_name":"Lloyd&#039;s Baia","article_modified_time":"2017-06-20T15:03:15+00:00","og_image":[{"width":1680,"height":1050,"url":"https:\/\/www.lloydsbaiahotel.it\/wp-content\/uploads\/2015\/06\/Sala-Vietri1.jpg","type":"image\/jpeg"}],"twitter_card":"summary_large_image","schema":{"@context":"https:\/\/schema.org","@graph":[{"@type":"WebPage","@id":"https:\/\/www.lloydsbaiahotel.it\/de\/das-hotel\/restaurants\/lloyds-baia\/","url":"https:\/\/www.lloydsbaiahotel.it\/de\/das-hotel\/restaurants\/lloyds-baia\/","name":"Lloyd\u2019s Baia Restaurant","isPartOf":{"@id":"https:\/\/www.lloydsbaiahotel.it\/#website"},"primaryImageOfPage":{"@id":"https:\/\/www.lloydsbaiahotel.it\/de\/das-hotel\/restaurants\/lloyds-baia\/#primaryimage"},"image":{"@id":"https:\/\/www.lloydsbaiahotel.it\/de\/das-hotel\/restaurants\/lloyds-baia\/#primaryimage"},"thumbnailUrl":"https:\/\/www.lloydsbaiahotel.it\/wp-content\/uploads\/2015\/06\/Sala-Vietri1.jpg","datePublished":"2015-06-17T12:57:44+00:00","dateModified":"2017-06-20T15:03:15+00:00","description":"Der Duft von Zitronen, die Vorz\u00fcglichkeit von frischem Fisch und die Fr\u00f6hlichkeit der Farben der mediterranen K\u00fcche hei\u00dfen Sie willkommen im Lloyd\u2019s Baia Restaurant.","breadcrumb":{"@id":"https:\/\/www.lloydsbaiahotel.it\/de\/das-hotel\/restaurants\/lloyds-baia\/#breadcrumb"},"inLanguage":"de","potentialAction":[{"@type":"ReadAction","target":["https:\/\/www.lloydsbaiahotel.it\/de\/das-hotel\/restaurants\/lloyds-baia\/"]}]},{"@type":"ImageObject","inLanguage":"de","@id":"https:\/\/www.lloydsbaiahotel.it\/de\/das-hotel\/restaurants\/lloyds-baia\/#primaryimage","url":"https:\/\/www.lloydsbaiahotel.it\/wp-content\/uploads\/2015\/06\/Sala-Vietri1.jpg","contentUrl":"https:\/\/www.lloydsbaiahotel.it\/wp-content\/uploads\/2015\/06\/Sala-Vietri1.jpg","width":1680,"height":1050},{"@type":"BreadcrumbList","@id":"https:\/\/www.lloydsbaiahotel.it\/de\/das-hotel\/restaurants\/lloyds-baia\/#breadcrumb","itemListElement":[{"@type":"ListItem","position":1,"name":"Home","item":"https:\/\/www.lloydsbaiahotel.it\/de\/"},{"@type":"ListItem","position":2,"name":"Hotel","item":"https:\/\/www.lloydsbaiahotel.it\/de\/das-hotel\/"},{"@type":"ListItem","position":3,"name":"Restaurants","item":"https:\/\/www.lloydsbaiahotel.it\/de\/das-hotel\/restaurants\/"},{"@type":"ListItem","position":4,"name":"Lloyd\u2019s Baia Restaurant"}]},{"@type":"WebSite","@id":"https:\/\/www.lloydsbaiahotel.it\/#website","url":"https:\/\/www.lloydsbaiahotel.it\/","name":"Lloyd&#039;s Baia","description":"","potentialAction":[{"@type":"SearchAction","target":{"@type":"EntryPoint","urlTemplate":"https:\/\/www.lloydsbaiahotel.it\/?s={search_term_string}"},"query-input":"required name=search_term_string"}],"inLanguage":"de"}]}},"_links":{"self":[{"href":"https:\/\/www.lloydsbaiahotel.it\/de\/wp-json\/wp\/v2\/pages\/1054"}],"collection":[{"href":"https:\/\/www.lloydsbaiahotel.it\/de\/wp-json\/wp\/v2\/pages"}],"about":[{"href":"https:\/\/www.lloydsbaiahotel.it\/de\/wp-json\/wp\/v2\/types\/page"}],"author":[{"embeddable":true,"href":"https:\/\/www.lloydsbaiahotel.it\/de\/wp-json\/wp\/v2\/users\/1"}],"replies":[{"embeddable":true,"href":"https:\/\/www.lloydsbaiahotel.it\/de\/wp-json\/wp\/v2\/comments?post=1054"}],"version-history":[{"count":4,"href":"https:\/\/www.lloydsbaiahotel.it\/de\/wp-json\/wp\/v2\/pages\/1054\/revisions"}],"predecessor-version":[{"id":2201,"href":"https:\/\/www.lloydsbaiahotel.it\/de\/wp-json\/wp\/v2\/pages\/1054\/revisions\/2201"}],"up":[{"embeddable":true,"href":"https:\/\/www.lloydsbaiahotel.it\/de\/wp-json\/wp\/v2\/pages\/1051"}],"wp:featuredmedia":[{"embeddable":true,"href":"https:\/\/www.lloydsbaiahotel.it\/de\/wp-json\/wp\/v2\/media\/252"}],"wp:attachment":[{"href":"https:\/\/www.lloydsbaiahotel.it\/de\/wp-json\/wp\/v2\/media?parent=1054"}],"curies":[{"name":"wp","href":"https:\/\/api.w.org\/{rel}","templated":true}]}}