{"id":1073,"date":"2015-06-17T16:06:17","date_gmt":"2015-06-17T14:06:17","guid":{"rendered":"http:\/\/www.lloydsbaiahotel.it\/ausfluge\/vietri-sul-mare\/"},"modified":"2019-05-20T14:06:56","modified_gmt":"2019-05-20T12:06:56","slug":"vietri-sul-mare","status":"publish","type":"page","link":"https:\/\/www.lloydsbaiahotel.it\/de\/ausfluge\/vietri-sul-mare\/","title":{"rendered":"Vietri sul Mare"},"content":{"rendered":"","protected":false},"excerpt":{"rendered":"","protected":false},"author":1,"featured_media":285,"parent":1069,"menu_order":0,"comment_status":"open","ping_status":"open","template":"template-page-builder.php","meta":{"_acf_changed":false,"footnotes":""},"acf":[],"yoast_head":"<!-- This site is optimized with the Yoast SEO plugin v23.1 - https:\/\/yoast.com\/wordpress\/plugins\/seo\/ -->\n<title>Vietri sul Mare<\/title>\n<meta name=\"description\" content=\"Vietri sul Mare ist einer der am meisten besuchten Orte der K\u00fcste und ist ber\u00fchmt f\u00fcr seine T\u00f6pferwaren. Der Ort liegt gleich hinter Salerno am Anfang der Amalfik\u00fcste und tr\u00e4gt deshalb auch den Namen \u201eerste Perle\u201c.\" \/>\n<meta name=\"robots\" content=\"index, follow, max-snippet:-1, max-image-preview:large, max-video-preview:-1\" \/>\n<link rel=\"canonical\" href=\"https:\/\/www.lloydsbaiahotel.it\/de\/ausfluge\/vietri-sul-mare\/\" \/>\n<meta property=\"og:locale\" content=\"de_DE\" \/>\n<meta property=\"og:type\" content=\"article\" \/>\n<meta property=\"og:title\" content=\"Vietri sul Mare\" \/>\n<meta property=\"og:description\" content=\"Vietri sul Mare ist einer der am meisten besuchten Orte der K\u00fcste und ist ber\u00fchmt f\u00fcr seine T\u00f6pferwaren. Der Ort liegt gleich hinter Salerno am Anfang der Amalfik\u00fcste und tr\u00e4gt deshalb auch den Namen \u201eerste Perle\u201c.\" \/>\n<meta property=\"og:url\" content=\"https:\/\/www.lloydsbaiahotel.it\/de\/ausfluge\/vietri-sul-mare\/\" \/>\n<meta property=\"og:site_name\" content=\"Lloyd&#039;s Baia\" \/>\n<meta property=\"article:modified_time\" content=\"2019-05-20T12:06:56+00:00\" \/>\n<meta property=\"og:image\" content=\"https:\/\/www.lloydsbaiahotel.it\/wp-content\/uploads\/2015\/06\/vietri02.jpg\" \/>\n\t<meta property=\"og:image:width\" content=\"1680\" \/>\n\t<meta property=\"og:image:height\" content=\"1050\" \/>\n\t<meta property=\"og:image:type\" content=\"image\/jpeg\" \/>\n<meta name=\"twitter:card\" content=\"summary_large_image\" \/>\n<script type=\"application\/ld+json\" class=\"yoast-schema-graph\">{\"@context\":\"https:\/\/schema.org\",\"@graph\":[{\"@type\":\"WebPage\",\"@id\":\"https:\/\/www.lloydsbaiahotel.it\/de\/ausfluge\/vietri-sul-mare\/\",\"url\":\"https:\/\/www.lloydsbaiahotel.it\/de\/ausfluge\/vietri-sul-mare\/\",\"name\":\"Vietri sul Mare\",\"isPartOf\":{\"@id\":\"https:\/\/www.lloydsbaiahotel.it\/#website\"},\"primaryImageOfPage\":{\"@id\":\"https:\/\/www.lloydsbaiahotel.it\/de\/ausfluge\/vietri-sul-mare\/#primaryimage\"},\"image\":{\"@id\":\"https:\/\/www.lloydsbaiahotel.it\/de\/ausfluge\/vietri-sul-mare\/#primaryimage\"},\"thumbnailUrl\":\"https:\/\/www.lloydsbaiahotel.it\/wp-content\/uploads\/2015\/06\/vietri02.jpg\",\"datePublished\":\"2015-06-17T14:06:17+00:00\",\"dateModified\":\"2019-05-20T12:06:56+00:00\",\"description\":\"Vietri sul Mare ist einer der am meisten besuchten Orte der K\u00fcste und ist ber\u00fchmt f\u00fcr seine T\u00f6pferwaren. Der Ort liegt gleich hinter Salerno am Anfang der Amalfik\u00fcste und tr\u00e4gt deshalb auch den Namen \u201eerste Perle\u201c.\",\"breadcrumb\":{\"@id\":\"https:\/\/www.lloydsbaiahotel.it\/de\/ausfluge\/vietri-sul-mare\/#breadcrumb\"},\"inLanguage\":\"de\",\"potentialAction\":[{\"@type\":\"ReadAction\",\"target\":[\"https:\/\/www.lloydsbaiahotel.it\/de\/ausfluge\/vietri-sul-mare\/\"]}]},{\"@type\":\"ImageObject\",\"inLanguage\":\"de\",\"@id\":\"https:\/\/www.lloydsbaiahotel.it\/de\/ausfluge\/vietri-sul-mare\/#primaryimage\",\"url\":\"https:\/\/www.lloydsbaiahotel.it\/wp-content\/uploads\/2015\/06\/vietri02.jpg\",\"contentUrl\":\"https:\/\/www.lloydsbaiahotel.it\/wp-content\/uploads\/2015\/06\/vietri02.jpg\",\"width\":1680,\"height\":1050},{\"@type\":\"BreadcrumbList\",\"@id\":\"https:\/\/www.lloydsbaiahotel.it\/de\/ausfluge\/vietri-sul-mare\/#breadcrumb\",\"itemListElement\":[{\"@type\":\"ListItem\",\"position\":1,\"name\":\"Home\",\"item\":\"https:\/\/www.lloydsbaiahotel.it\/de\/\"},{\"@type\":\"ListItem\",\"position\":2,\"name\":\"Ausfl\u00fcge\",\"item\":\"https:\/\/www.lloydsbaiahotel.it\/de\/ausfluge\/\"},{\"@type\":\"ListItem\",\"position\":3,\"name\":\"Vietri sul Mare\"}]},{\"@type\":\"WebSite\",\"@id\":\"https:\/\/www.lloydsbaiahotel.it\/#website\",\"url\":\"https:\/\/www.lloydsbaiahotel.it\/\",\"name\":\"Lloyd&#039;s Baia\",\"description\":\"\",\"potentialAction\":[{\"@type\":\"SearchAction\",\"target\":{\"@type\":\"EntryPoint\",\"urlTemplate\":\"https:\/\/www.lloydsbaiahotel.it\/?s={search_term_string}\"},\"query-input\":\"required name=search_term_string\"}],\"inLanguage\":\"de\"}]}<\/script>\n<!-- \/ Yoast SEO plugin. -->","yoast_head_json":{"title":"Vietri sul Mare","description":"Vietri sul Mare ist einer der am meisten besuchten Orte der K\u00fcste und ist ber\u00fchmt f\u00fcr seine T\u00f6pferwaren. Der Ort liegt gleich hinter Salerno am Anfang der Amalfik\u00fcste und tr\u00e4gt deshalb auch den Namen \u201eerste Perle\u201c.","robots":{"index":"index","follow":"follow","max-snippet":"max-snippet:-1","max-image-preview":"max-image-preview:large","max-video-preview":"max-video-preview:-1"},"canonical":"https:\/\/www.lloydsbaiahotel.it\/de\/ausfluge\/vietri-sul-mare\/","og_locale":"de_DE","og_type":"article","og_title":"Vietri sul Mare","og_description":"Vietri sul Mare ist einer der am meisten besuchten Orte der K\u00fcste und ist ber\u00fchmt f\u00fcr seine T\u00f6pferwaren. Der Ort liegt gleich hinter Salerno am Anfang der Amalfik\u00fcste und tr\u00e4gt deshalb auch den Namen \u201eerste Perle\u201c.","og_url":"https:\/\/www.lloydsbaiahotel.it\/de\/ausfluge\/vietri-sul-mare\/","og_site_name":"Lloyd&#039;s Baia","article_modified_time":"2019-05-20T12:06:56+00:00","og_image":[{"width":1680,"height":1050,"url":"https:\/\/www.lloydsbaiahotel.it\/wp-content\/uploads\/2015\/06\/vietri02.jpg","type":"image\/jpeg"}],"twitter_card":"summary_large_image","schema":{"@context":"https:\/\/schema.org","@graph":[{"@type":"WebPage","@id":"https:\/\/www.lloydsbaiahotel.it\/de\/ausfluge\/vietri-sul-mare\/","url":"https:\/\/www.lloydsbaiahotel.it\/de\/ausfluge\/vietri-sul-mare\/","name":"Vietri sul Mare","isPartOf":{"@id":"https:\/\/www.lloydsbaiahotel.it\/#website"},"primaryImageOfPage":{"@id":"https:\/\/www.lloydsbaiahotel.it\/de\/ausfluge\/vietri-sul-mare\/#primaryimage"},"image":{"@id":"https:\/\/www.lloydsbaiahotel.it\/de\/ausfluge\/vietri-sul-mare\/#primaryimage"},"thumbnailUrl":"https:\/\/www.lloydsbaiahotel.it\/wp-content\/uploads\/2015\/06\/vietri02.jpg","datePublished":"2015-06-17T14:06:17+00:00","dateModified":"2019-05-20T12:06:56+00:00","description":"Vietri sul Mare ist einer der am meisten besuchten Orte der K\u00fcste und ist ber\u00fchmt f\u00fcr seine T\u00f6pferwaren. Der Ort liegt gleich hinter Salerno am Anfang der Amalfik\u00fcste und tr\u00e4gt deshalb auch den Namen \u201eerste Perle\u201c.","breadcrumb":{"@id":"https:\/\/www.lloydsbaiahotel.it\/de\/ausfluge\/vietri-sul-mare\/#breadcrumb"},"inLanguage":"de","potentialAction":[{"@type":"ReadAction","target":["https:\/\/www.lloydsbaiahotel.it\/de\/ausfluge\/vietri-sul-mare\/"]}]},{"@type":"ImageObject","inLanguage":"de","@id":"https:\/\/www.lloydsbaiahotel.it\/de\/ausfluge\/vietri-sul-mare\/#primaryimage","url":"https:\/\/www.lloydsbaiahotel.it\/wp-content\/uploads\/2015\/06\/vietri02.jpg","contentUrl":"https:\/\/www.lloydsbaiahotel.it\/wp-content\/uploads\/2015\/06\/vietri02.jpg","width":1680,"height":1050},{"@type":"BreadcrumbList","@id":"https:\/\/www.lloydsbaiahotel.it\/de\/ausfluge\/vietri-sul-mare\/#breadcrumb","itemListElement":[{"@type":"ListItem","position":1,"name":"Home","item":"https:\/\/www.lloydsbaiahotel.it\/de\/"},{"@type":"ListItem","position":2,"name":"Ausfl\u00fcge","item":"https:\/\/www.lloydsbaiahotel.it\/de\/ausfluge\/"},{"@type":"ListItem","position":3,"name":"Vietri sul Mare"}]},{"@type":"WebSite","@id":"https:\/\/www.lloydsbaiahotel.it\/#website","url":"https:\/\/www.lloydsbaiahotel.it\/","name":"Lloyd&#039;s Baia","description":"","potentialAction":[{"@type":"SearchAction","target":{"@type":"EntryPoint","urlTemplate":"https:\/\/www.lloydsbaiahotel.it\/?s={search_term_string}"},"query-input":"required name=search_term_string"}],"inLanguage":"de"}]}},"_links":{"self":[{"href":"https:\/\/www.lloydsbaiahotel.it\/de\/wp-json\/wp\/v2\/pages\/1073"}],"collection":[{"href":"https:\/\/www.lloydsbaiahotel.it\/de\/wp-json\/wp\/v2\/pages"}],"about":[{"href":"https:\/\/www.lloydsbaiahotel.it\/de\/wp-json\/wp\/v2\/types\/page"}],"author":[{"embeddable":true,"href":"https:\/\/www.lloydsbaiahotel.it\/de\/wp-json\/wp\/v2\/users\/1"}],"replies":[{"embeddable":true,"href":"https:\/\/www.lloydsbaiahotel.it\/de\/wp-json\/wp\/v2\/comments?post=1073"}],"version-history":[{"count":2,"href":"https:\/\/www.lloydsbaiahotel.it\/de\/wp-json\/wp\/v2\/pages\/1073\/revisions"}],"predecessor-version":[{"id":1355,"href":"https:\/\/www.lloydsbaiahotel.it\/de\/wp-json\/wp\/v2\/pages\/1073\/revisions\/1355"}],"up":[{"embeddable":true,"href":"https:\/\/www.lloydsbaiahotel.it\/de\/wp-json\/wp\/v2\/pages\/1069"}],"wp:featuredmedia":[{"embeddable":true,"href":"https:\/\/www.lloydsbaiahotel.it\/de\/wp-json\/wp\/v2\/media\/285"}],"wp:attachment":[{"href":"https:\/\/www.lloydsbaiahotel.it\/de\/wp-json\/wp\/v2\/media?parent=1073"}],"curies":[{"name":"wp","href":"https:\/\/api.w.org\/{rel}","templated":true}]}}