{"id":1091,"date":"2015-06-19T10:11:19","date_gmt":"2015-06-19T08:11:19","guid":{"rendered":"http:\/\/www.lloydsbaiahotel.it\/contatti-2\/"},"modified":"2020-06-09T17:25:16","modified_gmt":"2020-06-09T15:25:16","slug":"kontakt","status":"publish","type":"page","link":"https:\/\/www.lloydsbaiahotel.it\/de\/kontakt\/","title":{"rendered":"Kontakt"},"content":{"rendered":"<p>G\u00f6nnen Sie sich ein au\u00dfergew\u00f6hnliches Erlebnis an der Amalfik\u00fcste! Senden Sie eine E-Mail oder rufen Sie unsere Rezeption, um eine Reservierung oder um weitere Informationen \u00fcber Lloyd Baia Hotel.<\/p>\n","protected":false},"excerpt":{"rendered":"G\u00f6nnen Sie sich ein au\u00dfergew\u00f6hnliches Erlebnis an der Amalfik\u00fcste! Senden Sie eine E-Mail oder rufen Sie unsere Rezeption, um eine Reservierung oder um weitere Informationen \u00fcber Lloyd Baia Hotel.","protected":false},"author":1,"featured_media":431,"parent":0,"menu_order":0,"comment_status":"open","ping_status":"open","template":"template-contatti.php","meta":{"_acf_changed":false,"footnotes":""},"acf":[],"yoast_head":"<!-- This site is optimized with the Yoast SEO plugin v23.1 - https:\/\/yoast.com\/wordpress\/plugins\/seo\/ -->\n<title>Kontakt<\/title>\n<meta name=\"description\" content=\"G\u00f6nnen Sie sich ein au\u00dfergew\u00f6hnliches Erlebnis an der Amalfik\u00fcste! Senden Sie eine E-Mail oder rufen Sie unsere Rezeption, um eine Reservierung oder um weitere Informationen \u00fcber Lloyd Baia Hotel.\" \/>\n<meta name=\"robots\" content=\"index, follow, max-snippet:-1, max-image-preview:large, max-video-preview:-1\" \/>\n<link rel=\"canonical\" href=\"https:\/\/www.lloydsbaiahotel.it\/de\/kontakt\/\" \/>\n<meta property=\"og:locale\" content=\"de_DE\" \/>\n<meta property=\"og:type\" content=\"article\" \/>\n<meta property=\"og:title\" content=\"Kontakt\" \/>\n<meta property=\"og:description\" content=\"G\u00f6nnen Sie sich ein au\u00dfergew\u00f6hnliches Erlebnis an der Amalfik\u00fcste! Senden Sie eine E-Mail oder rufen Sie unsere Rezeption, um eine Reservierung oder um weitere Informationen \u00fcber Lloyd Baia Hotel.\" \/>\n<meta property=\"og:url\" content=\"https:\/\/www.lloydsbaiahotel.it\/de\/kontakt\/\" \/>\n<meta property=\"og:site_name\" content=\"Lloyd&#039;s Baia\" \/>\n<meta property=\"article:modified_time\" content=\"2020-06-09T15:25:16+00:00\" \/>\n<meta property=\"og:image\" content=\"https:\/\/www.lloydsbaiahotel.it\/wp-content\/uploads\/2015\/06\/contatti-hotel.jpg\" \/>\n\t<meta property=\"og:image:width\" content=\"1680\" \/>\n\t<meta property=\"og:image:height\" content=\"1050\" \/>\n\t<meta property=\"og:image:type\" content=\"image\/jpeg\" \/>\n<meta name=\"twitter:card\" content=\"summary_large_image\" \/>\n<script type=\"application\/ld+json\" class=\"yoast-schema-graph\">{\"@context\":\"https:\/\/schema.org\",\"@graph\":[{\"@type\":\"WebPage\",\"@id\":\"https:\/\/www.lloydsbaiahotel.it\/de\/kontakt\/\",\"url\":\"https:\/\/www.lloydsbaiahotel.it\/de\/kontakt\/\",\"name\":\"Kontakt\",\"isPartOf\":{\"@id\":\"https:\/\/www.lloydsbaiahotel.it\/#website\"},\"primaryImageOfPage\":{\"@id\":\"https:\/\/www.lloydsbaiahotel.it\/de\/kontakt\/#primaryimage\"},\"image\":{\"@id\":\"https:\/\/www.lloydsbaiahotel.it\/de\/kontakt\/#primaryimage\"},\"thumbnailUrl\":\"https:\/\/www.lloydsbaiahotel.it\/wp-content\/uploads\/2015\/06\/contatti-hotel.jpg\",\"datePublished\":\"2015-06-19T08:11:19+00:00\",\"dateModified\":\"2020-06-09T15:25:16+00:00\",\"description\":\"G\u00f6nnen Sie sich ein au\u00dfergew\u00f6hnliches Erlebnis an der Amalfik\u00fcste! Senden Sie eine E-Mail oder rufen Sie unsere Rezeption, um eine Reservierung oder um weitere Informationen \u00fcber Lloyd Baia Hotel.\",\"breadcrumb\":{\"@id\":\"https:\/\/www.lloydsbaiahotel.it\/de\/kontakt\/#breadcrumb\"},\"inLanguage\":\"de\",\"potentialAction\":[{\"@type\":\"ReadAction\",\"target\":[\"https:\/\/www.lloydsbaiahotel.it\/de\/kontakt\/\"]}]},{\"@type\":\"ImageObject\",\"inLanguage\":\"de\",\"@id\":\"https:\/\/www.lloydsbaiahotel.it\/de\/kontakt\/#primaryimage\",\"url\":\"https:\/\/www.lloydsbaiahotel.it\/wp-content\/uploads\/2015\/06\/contatti-hotel.jpg\",\"contentUrl\":\"https:\/\/www.lloydsbaiahotel.it\/wp-content\/uploads\/2015\/06\/contatti-hotel.jpg\",\"width\":1680,\"height\":1050},{\"@type\":\"BreadcrumbList\",\"@id\":\"https:\/\/www.lloydsbaiahotel.it\/de\/kontakt\/#breadcrumb\",\"itemListElement\":[{\"@type\":\"ListItem\",\"position\":1,\"name\":\"Home\",\"item\":\"https:\/\/www.lloydsbaiahotel.it\/de\/\"},{\"@type\":\"ListItem\",\"position\":2,\"name\":\"Kontakt\"}]},{\"@type\":\"WebSite\",\"@id\":\"https:\/\/www.lloydsbaiahotel.it\/#website\",\"url\":\"https:\/\/www.lloydsbaiahotel.it\/\",\"name\":\"Lloyd&#039;s Baia\",\"description\":\"\",\"potentialAction\":[{\"@type\":\"SearchAction\",\"target\":{\"@type\":\"EntryPoint\",\"urlTemplate\":\"https:\/\/www.lloydsbaiahotel.it\/?s={search_term_string}\"},\"query-input\":\"required name=search_term_string\"}],\"inLanguage\":\"de\"}]}<\/script>\n<!-- \/ Yoast SEO plugin. -->","yoast_head_json":{"title":"Kontakt","description":"G\u00f6nnen Sie sich ein au\u00dfergew\u00f6hnliches Erlebnis an der Amalfik\u00fcste! Senden Sie eine E-Mail oder rufen Sie unsere Rezeption, um eine Reservierung oder um weitere Informationen \u00fcber Lloyd Baia Hotel.","robots":{"index":"index","follow":"follow","max-snippet":"max-snippet:-1","max-image-preview":"max-image-preview:large","max-video-preview":"max-video-preview:-1"},"canonical":"https:\/\/www.lloydsbaiahotel.it\/de\/kontakt\/","og_locale":"de_DE","og_type":"article","og_title":"Kontakt","og_description":"G\u00f6nnen Sie sich ein au\u00dfergew\u00f6hnliches Erlebnis an der Amalfik\u00fcste! Senden Sie eine E-Mail oder rufen Sie unsere Rezeption, um eine Reservierung oder um weitere Informationen \u00fcber Lloyd Baia Hotel.","og_url":"https:\/\/www.lloydsbaiahotel.it\/de\/kontakt\/","og_site_name":"Lloyd&#039;s Baia","article_modified_time":"2020-06-09T15:25:16+00:00","og_image":[{"width":1680,"height":1050,"url":"https:\/\/www.lloydsbaiahotel.it\/wp-content\/uploads\/2015\/06\/contatti-hotel.jpg","type":"image\/jpeg"}],"twitter_card":"summary_large_image","schema":{"@context":"https:\/\/schema.org","@graph":[{"@type":"WebPage","@id":"https:\/\/www.lloydsbaiahotel.it\/de\/kontakt\/","url":"https:\/\/www.lloydsbaiahotel.it\/de\/kontakt\/","name":"Kontakt","isPartOf":{"@id":"https:\/\/www.lloydsbaiahotel.it\/#website"},"primaryImageOfPage":{"@id":"https:\/\/www.lloydsbaiahotel.it\/de\/kontakt\/#primaryimage"},"image":{"@id":"https:\/\/www.lloydsbaiahotel.it\/de\/kontakt\/#primaryimage"},"thumbnailUrl":"https:\/\/www.lloydsbaiahotel.it\/wp-content\/uploads\/2015\/06\/contatti-hotel.jpg","datePublished":"2015-06-19T08:11:19+00:00","dateModified":"2020-06-09T15:25:16+00:00","description":"G\u00f6nnen Sie sich ein au\u00dfergew\u00f6hnliches Erlebnis an der Amalfik\u00fcste! Senden Sie eine E-Mail oder rufen Sie unsere Rezeption, um eine Reservierung oder um weitere Informationen \u00fcber Lloyd Baia Hotel.","breadcrumb":{"@id":"https:\/\/www.lloydsbaiahotel.it\/de\/kontakt\/#breadcrumb"},"inLanguage":"de","potentialAction":[{"@type":"ReadAction","target":["https:\/\/www.lloydsbaiahotel.it\/de\/kontakt\/"]}]},{"@type":"ImageObject","inLanguage":"de","@id":"https:\/\/www.lloydsbaiahotel.it\/de\/kontakt\/#primaryimage","url":"https:\/\/www.lloydsbaiahotel.it\/wp-content\/uploads\/2015\/06\/contatti-hotel.jpg","contentUrl":"https:\/\/www.lloydsbaiahotel.it\/wp-content\/uploads\/2015\/06\/contatti-hotel.jpg","width":1680,"height":1050},{"@type":"BreadcrumbList","@id":"https:\/\/www.lloydsbaiahotel.it\/de\/kontakt\/#breadcrumb","itemListElement":[{"@type":"ListItem","position":1,"name":"Home","item":"https:\/\/www.lloydsbaiahotel.it\/de\/"},{"@type":"ListItem","position":2,"name":"Kontakt"}]},{"@type":"WebSite","@id":"https:\/\/www.lloydsbaiahotel.it\/#website","url":"https:\/\/www.lloydsbaiahotel.it\/","name":"Lloyd&#039;s Baia","description":"","potentialAction":[{"@type":"SearchAction","target":{"@type":"EntryPoint","urlTemplate":"https:\/\/www.lloydsbaiahotel.it\/?s={search_term_string}"},"query-input":"required name=search_term_string"}],"inLanguage":"de"}]}},"_links":{"self":[{"href":"https:\/\/www.lloydsbaiahotel.it\/de\/wp-json\/wp\/v2\/pages\/1091"}],"collection":[{"href":"https:\/\/www.lloydsbaiahotel.it\/de\/wp-json\/wp\/v2\/pages"}],"about":[{"href":"https:\/\/www.lloydsbaiahotel.it\/de\/wp-json\/wp\/v2\/types\/page"}],"author":[{"embeddable":true,"href":"https:\/\/www.lloydsbaiahotel.it\/de\/wp-json\/wp\/v2\/users\/1"}],"replies":[{"embeddable":true,"href":"https:\/\/www.lloydsbaiahotel.it\/de\/wp-json\/wp\/v2\/comments?post=1091"}],"version-history":[{"count":4,"href":"https:\/\/www.lloydsbaiahotel.it\/de\/wp-json\/wp\/v2\/pages\/1091\/revisions"}],"predecessor-version":[{"id":2921,"href":"https:\/\/www.lloydsbaiahotel.it\/de\/wp-json\/wp\/v2\/pages\/1091\/revisions\/2921"}],"wp:featuredmedia":[{"embeddable":true,"href":"https:\/\/www.lloydsbaiahotel.it\/de\/wp-json\/wp\/v2\/media\/431"}],"wp:attachment":[{"href":"https:\/\/www.lloydsbaiahotel.it\/de\/wp-json\/wp\/v2\/media?parent=1091"}],"curies":[{"name":"wp","href":"https:\/\/api.w.org\/{rel}","templated":true}]}}