{"id":1141,"date":"2015-06-09T10:42:03","date_gmt":"2015-06-09T08:42:03","guid":{"rendered":"http:\/\/www.lloydsbaiahotel.it\/business-2\/"},"modified":"2019-07-30T15:01:43","modified_gmt":"2019-07-30T13:01:43","slug":"business","status":"publish","type":"page","link":"https:\/\/www.lloydsbaiahotel.it\/de\/business\/","title":{"rendered":"Business"},"content":{"rendered":"<p>Die Kombination aus <strong>Charme und Business<\/strong> findet ihren Ausdruck im Lloyd\u2019s Baia Hotel, dem idealen Veranstaltungsort f\u00fcr Kongresse, Seminare, Konferenzen und Gesch\u00e4ftstreffen.<\/p>\n<p>Es stehen 7 Kongressr\u00e4ume unterschiedlicher Gr\u00f6\u00dfe mit individuell auf Anfrage gestalteter Einrichtung, fortschrittlicher technologischer Ausstattung zur Verf\u00fcgung in einer weltweit einzigartigen Umgebung, der Amalfik\u00fcste, Erbe der Menschheit, das Ihr Event zu einem Synonym f\u00fcr Exklusivit\u00e4t und Ansehen macht.<\/p>\n<p>Das Expertenteam f\u00fcr <strong>Businessevents<\/strong> des <strong>Lloyd\u2019s Baia<\/strong> steht Ihnen bei der Organisation zur Seite, unterst\u00fctzt Sie in allen Phasen der Vorbereitung und k\u00fcmmert sich um alle Aspekte zur vollen Zufriedenheit von Veranstaltern und G\u00e4sten.<\/p>\n<p>Entdecken Sie die Vorteile der Veranstaltung Ihres <strong>Events im Lloyd\u2019s Baia Hotel!<\/strong><\/p>\n","protected":false},"excerpt":{"rendered":"Die Kombination aus Charme und Business findet ihren Ausdruck im Lloyd\u2019s Baia Hotel, dem idealen Veranstaltungsort f\u00fcr Kongresse, Seminare, Konferenzen und Gesch\u00e4ftstreffen. Es stehen 7 Kongressr\u00e4ume unterschiedlicher Gr\u00f6\u00dfe mit individuell auf Anfrage gestalteter Einrichtung, fortschrittlicher technologischer Ausstattung zur Verf\u00fcgung in einer weltweit einzigartigen Umgebung, der Amalfik\u00fcste, Erbe der Menschheit, das Ihr Event zu einem Synonym&#8230; <a class=\"view-article\" href=\"https:\/\/www.lloydsbaiahotel.it\/de\/business\/\">Artikel ansehen<\/a>","protected":false},"author":1,"featured_media":348,"parent":0,"menu_order":0,"comment_status":"open","ping_status":"open","template":"template-business.php","meta":{"_acf_changed":false,"footnotes":""},"acf":[],"yoast_head":"<!-- This site is optimized with the Yoast SEO plugin v23.1 - https:\/\/yoast.com\/wordpress\/plugins\/seo\/ -->\n<title>Business hotel<\/title>\n<meta name=\"description\" content=\"Die Kombination aus Charme und Business findet ihren Ausdruck im Lloyd\u2019s Baia Hotel, dem idealen Veranstaltungsort f\u00fcr Kongresse, Seminare, Konferenzen und Gesch\u00e4ftstreffen.\" \/>\n<meta name=\"robots\" content=\"index, follow, max-snippet:-1, max-image-preview:large, max-video-preview:-1\" \/>\n<link rel=\"canonical\" href=\"https:\/\/www.lloydsbaiahotel.it\/de\/business\/\" \/>\n<meta property=\"og:locale\" content=\"de_DE\" \/>\n<meta property=\"og:type\" content=\"article\" \/>\n<meta property=\"og:title\" content=\"Business hotel\" \/>\n<meta property=\"og:description\" content=\"Die Kombination aus Charme und Business findet ihren Ausdruck im Lloyd\u2019s Baia Hotel, dem idealen Veranstaltungsort f\u00fcr Kongresse, Seminare, Konferenzen und Gesch\u00e4ftstreffen.\" \/>\n<meta property=\"og:url\" content=\"https:\/\/www.lloydsbaiahotel.it\/de\/business\/\" \/>\n<meta property=\"og:site_name\" content=\"Lloyd&#039;s Baia\" \/>\n<meta property=\"article:modified_time\" content=\"2019-07-30T13:01:43+00:00\" \/>\n<meta property=\"og:image\" content=\"https:\/\/www.lloydsbaiahotel.it\/wp-content\/uploads\/2015\/06\/Congresso-SalaF_4.jpg\" \/>\n\t<meta property=\"og:image:width\" content=\"1680\" \/>\n\t<meta property=\"og:image:height\" content=\"1050\" \/>\n\t<meta property=\"og:image:type\" content=\"image\/jpeg\" \/>\n<meta name=\"twitter:card\" content=\"summary_large_image\" \/>\n<meta name=\"twitter:label1\" content=\"Gesch\u00e4tzte Lesezeit\" \/>\n\t<meta name=\"twitter:data1\" content=\"1\u00a0Minute\" \/>\n<script type=\"application\/ld+json\" class=\"yoast-schema-graph\">{\"@context\":\"https:\/\/schema.org\",\"@graph\":[{\"@type\":\"WebPage\",\"@id\":\"https:\/\/www.lloydsbaiahotel.it\/de\/business\/\",\"url\":\"https:\/\/www.lloydsbaiahotel.it\/de\/business\/\",\"name\":\"Business hotel\",\"isPartOf\":{\"@id\":\"https:\/\/www.lloydsbaiahotel.it\/#website\"},\"primaryImageOfPage\":{\"@id\":\"https:\/\/www.lloydsbaiahotel.it\/de\/business\/#primaryimage\"},\"image\":{\"@id\":\"https:\/\/www.lloydsbaiahotel.it\/de\/business\/#primaryimage\"},\"thumbnailUrl\":\"https:\/\/www.lloydsbaiahotel.it\/wp-content\/uploads\/2015\/06\/Congresso-SalaF_4.jpg\",\"datePublished\":\"2015-06-09T08:42:03+00:00\",\"dateModified\":\"2019-07-30T13:01:43+00:00\",\"description\":\"Die Kombination aus Charme und Business findet ihren Ausdruck im Lloyd\u2019s Baia Hotel, dem idealen Veranstaltungsort f\u00fcr Kongresse, Seminare, Konferenzen und Gesch\u00e4ftstreffen.\",\"breadcrumb\":{\"@id\":\"https:\/\/www.lloydsbaiahotel.it\/de\/business\/#breadcrumb\"},\"inLanguage\":\"de\",\"potentialAction\":[{\"@type\":\"ReadAction\",\"target\":[\"https:\/\/www.lloydsbaiahotel.it\/de\/business\/\"]}]},{\"@type\":\"ImageObject\",\"inLanguage\":\"de\",\"@id\":\"https:\/\/www.lloydsbaiahotel.it\/de\/business\/#primaryimage\",\"url\":\"https:\/\/www.lloydsbaiahotel.it\/wp-content\/uploads\/2015\/06\/Congresso-SalaF_4.jpg\",\"contentUrl\":\"https:\/\/www.lloydsbaiahotel.it\/wp-content\/uploads\/2015\/06\/Congresso-SalaF_4.jpg\",\"width\":1680,\"height\":1050},{\"@type\":\"BreadcrumbList\",\"@id\":\"https:\/\/www.lloydsbaiahotel.it\/de\/business\/#breadcrumb\",\"itemListElement\":[{\"@type\":\"ListItem\",\"position\":1,\"name\":\"Home\",\"item\":\"https:\/\/www.lloydsbaiahotel.it\/de\/\"},{\"@type\":\"ListItem\",\"position\":2,\"name\":\"Business\"}]},{\"@type\":\"WebSite\",\"@id\":\"https:\/\/www.lloydsbaiahotel.it\/#website\",\"url\":\"https:\/\/www.lloydsbaiahotel.it\/\",\"name\":\"Lloyd&#039;s Baia\",\"description\":\"\",\"potentialAction\":[{\"@type\":\"SearchAction\",\"target\":{\"@type\":\"EntryPoint\",\"urlTemplate\":\"https:\/\/www.lloydsbaiahotel.it\/?s={search_term_string}\"},\"query-input\":\"required name=search_term_string\"}],\"inLanguage\":\"de\"}]}<\/script>\n<!-- \/ Yoast SEO plugin. -->","yoast_head_json":{"title":"Business hotel","description":"Die Kombination aus Charme und Business findet ihren Ausdruck im Lloyd\u2019s Baia Hotel, dem idealen Veranstaltungsort f\u00fcr Kongresse, Seminare, Konferenzen und Gesch\u00e4ftstreffen.","robots":{"index":"index","follow":"follow","max-snippet":"max-snippet:-1","max-image-preview":"max-image-preview:large","max-video-preview":"max-video-preview:-1"},"canonical":"https:\/\/www.lloydsbaiahotel.it\/de\/business\/","og_locale":"de_DE","og_type":"article","og_title":"Business hotel","og_description":"Die Kombination aus Charme und Business findet ihren Ausdruck im Lloyd\u2019s Baia Hotel, dem idealen Veranstaltungsort f\u00fcr Kongresse, Seminare, Konferenzen und Gesch\u00e4ftstreffen.","og_url":"https:\/\/www.lloydsbaiahotel.it\/de\/business\/","og_site_name":"Lloyd&#039;s Baia","article_modified_time":"2019-07-30T13:01:43+00:00","og_image":[{"width":1680,"height":1050,"url":"https:\/\/www.lloydsbaiahotel.it\/wp-content\/uploads\/2015\/06\/Congresso-SalaF_4.jpg","type":"image\/jpeg"}],"twitter_card":"summary_large_image","twitter_misc":{"Gesch\u00e4tzte Lesezeit":"1\u00a0Minute"},"schema":{"@context":"https:\/\/schema.org","@graph":[{"@type":"WebPage","@id":"https:\/\/www.lloydsbaiahotel.it\/de\/business\/","url":"https:\/\/www.lloydsbaiahotel.it\/de\/business\/","name":"Business hotel","isPartOf":{"@id":"https:\/\/www.lloydsbaiahotel.it\/#website"},"primaryImageOfPage":{"@id":"https:\/\/www.lloydsbaiahotel.it\/de\/business\/#primaryimage"},"image":{"@id":"https:\/\/www.lloydsbaiahotel.it\/de\/business\/#primaryimage"},"thumbnailUrl":"https:\/\/www.lloydsbaiahotel.it\/wp-content\/uploads\/2015\/06\/Congresso-SalaF_4.jpg","datePublished":"2015-06-09T08:42:03+00:00","dateModified":"2019-07-30T13:01:43+00:00","description":"Die Kombination aus Charme und Business findet ihren Ausdruck im Lloyd\u2019s Baia Hotel, dem idealen Veranstaltungsort f\u00fcr Kongresse, Seminare, Konferenzen und Gesch\u00e4ftstreffen.","breadcrumb":{"@id":"https:\/\/www.lloydsbaiahotel.it\/de\/business\/#breadcrumb"},"inLanguage":"de","potentialAction":[{"@type":"ReadAction","target":["https:\/\/www.lloydsbaiahotel.it\/de\/business\/"]}]},{"@type":"ImageObject","inLanguage":"de","@id":"https:\/\/www.lloydsbaiahotel.it\/de\/business\/#primaryimage","url":"https:\/\/www.lloydsbaiahotel.it\/wp-content\/uploads\/2015\/06\/Congresso-SalaF_4.jpg","contentUrl":"https:\/\/www.lloydsbaiahotel.it\/wp-content\/uploads\/2015\/06\/Congresso-SalaF_4.jpg","width":1680,"height":1050},{"@type":"BreadcrumbList","@id":"https:\/\/www.lloydsbaiahotel.it\/de\/business\/#breadcrumb","itemListElement":[{"@type":"ListItem","position":1,"name":"Home","item":"https:\/\/www.lloydsbaiahotel.it\/de\/"},{"@type":"ListItem","position":2,"name":"Business"}]},{"@type":"WebSite","@id":"https:\/\/www.lloydsbaiahotel.it\/#website","url":"https:\/\/www.lloydsbaiahotel.it\/","name":"Lloyd&#039;s Baia","description":"","potentialAction":[{"@type":"SearchAction","target":{"@type":"EntryPoint","urlTemplate":"https:\/\/www.lloydsbaiahotel.it\/?s={search_term_string}"},"query-input":"required name=search_term_string"}],"inLanguage":"de"}]}},"_links":{"self":[{"href":"https:\/\/www.lloydsbaiahotel.it\/de\/wp-json\/wp\/v2\/pages\/1141"}],"collection":[{"href":"https:\/\/www.lloydsbaiahotel.it\/de\/wp-json\/wp\/v2\/pages"}],"about":[{"href":"https:\/\/www.lloydsbaiahotel.it\/de\/wp-json\/wp\/v2\/types\/page"}],"author":[{"embeddable":true,"href":"https:\/\/www.lloydsbaiahotel.it\/de\/wp-json\/wp\/v2\/users\/1"}],"replies":[{"embeddable":true,"href":"https:\/\/www.lloydsbaiahotel.it\/de\/wp-json\/wp\/v2\/comments?post=1141"}],"version-history":[{"count":4,"href":"https:\/\/www.lloydsbaiahotel.it\/de\/wp-json\/wp\/v2\/pages\/1141\/revisions"}],"predecessor-version":[{"id":2598,"href":"https:\/\/www.lloydsbaiahotel.it\/de\/wp-json\/wp\/v2\/pages\/1141\/revisions\/2598"}],"wp:featuredmedia":[{"embeddable":true,"href":"https:\/\/www.lloydsbaiahotel.it\/de\/wp-json\/wp\/v2\/media\/348"}],"wp:attachment":[{"href":"https:\/\/www.lloydsbaiahotel.it\/de\/wp-json\/wp\/v2\/media?parent=1141"}],"curies":[{"name":"wp","href":"https:\/\/api.w.org\/{rel}","templated":true}]}}