{"id":1153,"date":"2015-06-17T12:31:34","date_gmt":"2015-06-17T10:31:34","guid":{"rendered":"http:\/\/www.lloydsbaiahotel.it\/wedding-2\/"},"modified":"2015-10-26T15:49:39","modified_gmt":"2015-10-26T14:49:39","slug":"hochzeiten","status":"publish","type":"page","link":"https:\/\/www.lloydsbaiahotel.it\/de\/hochzeiten\/","title":{"rendered":"Hochzeiten"},"content":{"rendered":"","protected":false},"excerpt":{"rendered":"","protected":false},"author":1,"featured_media":620,"parent":0,"menu_order":0,"comment_status":"open","ping_status":"open","template":"template-page-builder.php","meta":{"_acf_changed":false,"footnotes":""},"acf":[],"yoast_head":"<!-- This site is optimized with the Yoast SEO plugin v23.1 - https:\/\/yoast.com\/wordpress\/plugins\/seo\/ -->\n<title>Hochzeiten<\/title>\n<meta name=\"description\" content=\"Die Amalfik\u00fcste ist der ideale Rahmen f\u00fcr eine Hochzeit und f\u00fcr Emotionen, die sich tief im Herzen der Brautleute festsetzen. Ein so besonderer Anlass verlangt nach einer eleganten Location und einer tadellosen Organisation.\" \/>\n<meta name=\"robots\" content=\"index, follow, max-snippet:-1, max-image-preview:large, max-video-preview:-1\" \/>\n<link rel=\"canonical\" href=\"https:\/\/www.lloydsbaiahotel.it\/de\/hochzeiten\/\" \/>\n<meta property=\"og:locale\" content=\"de_DE\" \/>\n<meta property=\"og:type\" content=\"article\" \/>\n<meta property=\"og:title\" content=\"Hochzeiten\" \/>\n<meta property=\"og:description\" content=\"Die Amalfik\u00fcste ist der ideale Rahmen f\u00fcr eine Hochzeit und f\u00fcr Emotionen, die sich tief im Herzen der Brautleute festsetzen. Ein so besonderer Anlass verlangt nach einer eleganten Location und einer tadellosen Organisation.\" \/>\n<meta property=\"og:url\" content=\"https:\/\/www.lloydsbaiahotel.it\/de\/hochzeiten\/\" \/>\n<meta property=\"og:site_name\" content=\"Lloyd&#039;s Baia\" \/>\n<meta property=\"article:modified_time\" content=\"2015-10-26T14:49:39+00:00\" \/>\n<meta property=\"og:image\" content=\"https:\/\/www.lloydsbaiahotel.it\/wp-content\/uploads\/2015\/06\/Wedding-Terrazzo-Allestito11HD.jpg\" \/>\n\t<meta property=\"og:image:width\" content=\"1680\" \/>\n\t<meta property=\"og:image:height\" content=\"1050\" \/>\n\t<meta property=\"og:image:type\" content=\"image\/jpeg\" \/>\n<meta name=\"twitter:card\" content=\"summary_large_image\" \/>\n<script type=\"application\/ld+json\" class=\"yoast-schema-graph\">{\"@context\":\"https:\/\/schema.org\",\"@graph\":[{\"@type\":\"WebPage\",\"@id\":\"https:\/\/www.lloydsbaiahotel.it\/de\/hochzeiten\/\",\"url\":\"https:\/\/www.lloydsbaiahotel.it\/de\/hochzeiten\/\",\"name\":\"Hochzeiten\",\"isPartOf\":{\"@id\":\"https:\/\/www.lloydsbaiahotel.it\/#website\"},\"primaryImageOfPage\":{\"@id\":\"https:\/\/www.lloydsbaiahotel.it\/de\/hochzeiten\/#primaryimage\"},\"image\":{\"@id\":\"https:\/\/www.lloydsbaiahotel.it\/de\/hochzeiten\/#primaryimage\"},\"thumbnailUrl\":\"https:\/\/www.lloydsbaiahotel.it\/wp-content\/uploads\/2015\/06\/Wedding-Terrazzo-Allestito11HD.jpg\",\"datePublished\":\"2015-06-17T10:31:34+00:00\",\"dateModified\":\"2015-10-26T14:49:39+00:00\",\"description\":\"Die Amalfik\u00fcste ist der ideale Rahmen f\u00fcr eine Hochzeit und f\u00fcr Emotionen, die sich tief im Herzen der Brautleute festsetzen. Ein so besonderer Anlass verlangt nach einer eleganten Location und einer tadellosen Organisation.\",\"breadcrumb\":{\"@id\":\"https:\/\/www.lloydsbaiahotel.it\/de\/hochzeiten\/#breadcrumb\"},\"inLanguage\":\"de\",\"potentialAction\":[{\"@type\":\"ReadAction\",\"target\":[\"https:\/\/www.lloydsbaiahotel.it\/de\/hochzeiten\/\"]}]},{\"@type\":\"ImageObject\",\"inLanguage\":\"de\",\"@id\":\"https:\/\/www.lloydsbaiahotel.it\/de\/hochzeiten\/#primaryimage\",\"url\":\"https:\/\/www.lloydsbaiahotel.it\/wp-content\/uploads\/2015\/06\/Wedding-Terrazzo-Allestito11HD.jpg\",\"contentUrl\":\"https:\/\/www.lloydsbaiahotel.it\/wp-content\/uploads\/2015\/06\/Wedding-Terrazzo-Allestito11HD.jpg\",\"width\":1680,\"height\":1050},{\"@type\":\"BreadcrumbList\",\"@id\":\"https:\/\/www.lloydsbaiahotel.it\/de\/hochzeiten\/#breadcrumb\",\"itemListElement\":[{\"@type\":\"ListItem\",\"position\":1,\"name\":\"Home\",\"item\":\"https:\/\/www.lloydsbaiahotel.it\/de\/\"},{\"@type\":\"ListItem\",\"position\":2,\"name\":\"Hochzeiten\"}]},{\"@type\":\"WebSite\",\"@id\":\"https:\/\/www.lloydsbaiahotel.it\/#website\",\"url\":\"https:\/\/www.lloydsbaiahotel.it\/\",\"name\":\"Lloyd&#039;s Baia\",\"description\":\"\",\"potentialAction\":[{\"@type\":\"SearchAction\",\"target\":{\"@type\":\"EntryPoint\",\"urlTemplate\":\"https:\/\/www.lloydsbaiahotel.it\/?s={search_term_string}\"},\"query-input\":\"required name=search_term_string\"}],\"inLanguage\":\"de\"}]}<\/script>\n<!-- \/ Yoast SEO plugin. -->","yoast_head_json":{"title":"Hochzeiten","description":"Die Amalfik\u00fcste ist der ideale Rahmen f\u00fcr eine Hochzeit und f\u00fcr Emotionen, die sich tief im Herzen der Brautleute festsetzen. Ein so besonderer Anlass verlangt nach einer eleganten Location und einer tadellosen Organisation.","robots":{"index":"index","follow":"follow","max-snippet":"max-snippet:-1","max-image-preview":"max-image-preview:large","max-video-preview":"max-video-preview:-1"},"canonical":"https:\/\/www.lloydsbaiahotel.it\/de\/hochzeiten\/","og_locale":"de_DE","og_type":"article","og_title":"Hochzeiten","og_description":"Die Amalfik\u00fcste ist der ideale Rahmen f\u00fcr eine Hochzeit und f\u00fcr Emotionen, die sich tief im Herzen der Brautleute festsetzen. Ein so besonderer Anlass verlangt nach einer eleganten Location und einer tadellosen Organisation.","og_url":"https:\/\/www.lloydsbaiahotel.it\/de\/hochzeiten\/","og_site_name":"Lloyd&#039;s Baia","article_modified_time":"2015-10-26T14:49:39+00:00","og_image":[{"width":1680,"height":1050,"url":"https:\/\/www.lloydsbaiahotel.it\/wp-content\/uploads\/2015\/06\/Wedding-Terrazzo-Allestito11HD.jpg","type":"image\/jpeg"}],"twitter_card":"summary_large_image","schema":{"@context":"https:\/\/schema.org","@graph":[{"@type":"WebPage","@id":"https:\/\/www.lloydsbaiahotel.it\/de\/hochzeiten\/","url":"https:\/\/www.lloydsbaiahotel.it\/de\/hochzeiten\/","name":"Hochzeiten","isPartOf":{"@id":"https:\/\/www.lloydsbaiahotel.it\/#website"},"primaryImageOfPage":{"@id":"https:\/\/www.lloydsbaiahotel.it\/de\/hochzeiten\/#primaryimage"},"image":{"@id":"https:\/\/www.lloydsbaiahotel.it\/de\/hochzeiten\/#primaryimage"},"thumbnailUrl":"https:\/\/www.lloydsbaiahotel.it\/wp-content\/uploads\/2015\/06\/Wedding-Terrazzo-Allestito11HD.jpg","datePublished":"2015-06-17T10:31:34+00:00","dateModified":"2015-10-26T14:49:39+00:00","description":"Die Amalfik\u00fcste ist der ideale Rahmen f\u00fcr eine Hochzeit und f\u00fcr Emotionen, die sich tief im Herzen der Brautleute festsetzen. Ein so besonderer Anlass verlangt nach einer eleganten Location und einer tadellosen Organisation.","breadcrumb":{"@id":"https:\/\/www.lloydsbaiahotel.it\/de\/hochzeiten\/#breadcrumb"},"inLanguage":"de","potentialAction":[{"@type":"ReadAction","target":["https:\/\/www.lloydsbaiahotel.it\/de\/hochzeiten\/"]}]},{"@type":"ImageObject","inLanguage":"de","@id":"https:\/\/www.lloydsbaiahotel.it\/de\/hochzeiten\/#primaryimage","url":"https:\/\/www.lloydsbaiahotel.it\/wp-content\/uploads\/2015\/06\/Wedding-Terrazzo-Allestito11HD.jpg","contentUrl":"https:\/\/www.lloydsbaiahotel.it\/wp-content\/uploads\/2015\/06\/Wedding-Terrazzo-Allestito11HD.jpg","width":1680,"height":1050},{"@type":"BreadcrumbList","@id":"https:\/\/www.lloydsbaiahotel.it\/de\/hochzeiten\/#breadcrumb","itemListElement":[{"@type":"ListItem","position":1,"name":"Home","item":"https:\/\/www.lloydsbaiahotel.it\/de\/"},{"@type":"ListItem","position":2,"name":"Hochzeiten"}]},{"@type":"WebSite","@id":"https:\/\/www.lloydsbaiahotel.it\/#website","url":"https:\/\/www.lloydsbaiahotel.it\/","name":"Lloyd&#039;s Baia","description":"","potentialAction":[{"@type":"SearchAction","target":{"@type":"EntryPoint","urlTemplate":"https:\/\/www.lloydsbaiahotel.it\/?s={search_term_string}"},"query-input":"required name=search_term_string"}],"inLanguage":"de"}]}},"_links":{"self":[{"href":"https:\/\/www.lloydsbaiahotel.it\/de\/wp-json\/wp\/v2\/pages\/1153"}],"collection":[{"href":"https:\/\/www.lloydsbaiahotel.it\/de\/wp-json\/wp\/v2\/pages"}],"about":[{"href":"https:\/\/www.lloydsbaiahotel.it\/de\/wp-json\/wp\/v2\/types\/page"}],"author":[{"embeddable":true,"href":"https:\/\/www.lloydsbaiahotel.it\/de\/wp-json\/wp\/v2\/users\/1"}],"replies":[{"embeddable":true,"href":"https:\/\/www.lloydsbaiahotel.it\/de\/wp-json\/wp\/v2\/comments?post=1153"}],"version-history":[{"count":9,"href":"https:\/\/www.lloydsbaiahotel.it\/de\/wp-json\/wp\/v2\/pages\/1153\/revisions"}],"predecessor-version":[{"id":1357,"href":"https:\/\/www.lloydsbaiahotel.it\/de\/wp-json\/wp\/v2\/pages\/1153\/revisions\/1357"}],"wp:featuredmedia":[{"embeddable":true,"href":"https:\/\/www.lloydsbaiahotel.it\/de\/wp-json\/wp\/v2\/media\/620"}],"wp:attachment":[{"href":"https:\/\/www.lloydsbaiahotel.it\/de\/wp-json\/wp\/v2\/media?parent=1153"}],"curies":[{"name":"wp","href":"https:\/\/api.w.org\/{rel}","templated":true}]}}