{"id":1176,"date":"2015-05-12T14:58:20","date_gmt":"2015-05-12T12:58:20","guid":{"rendered":"http:\/\/www.lloydsbaiahotel.it\/wo-wir-sind\/come-raggiungerci\/"},"modified":"2015-10-26T16:48:51","modified_gmt":"2015-10-26T15:48:51","slug":"wie-sie-uns-erreichen","status":"publish","type":"page","link":"https:\/\/www.lloydsbaiahotel.it\/de\/wo-wir-sind\/wie-sie-uns-erreichen\/","title":{"rendered":"Wie Sie uns erreichen"},"content":{"rendered":"<p>Das Lloyd Baia Hotel liegt an der Amalfi-K\u00fcste, an der Stra\u00dfe, <strong>Vietri sul Mare und Salerno<\/strong> verbindet. Pkws k\u00f6nnen unsere Parkplatz nutzen, und wer mit dem Zug oder dem Flugzeug anreisen, k\u00f6nnen einen Shuttle-Service, nur um Voranmeldung statt.<\/p>\n","protected":false},"excerpt":{"rendered":"Das Lloyd Baia Hotel liegt an der Amalfi-K\u00fcste, an der Stra\u00dfe, Vietri sul Mare und Salerno verbindet. Pkws k\u00f6nnen unsere Parkplatz nutzen, und wer mit dem Zug oder dem Flugzeug anreisen, k\u00f6nnen einen Shuttle-Service, nur um Voranmeldung statt.","protected":false},"author":1,"featured_media":426,"parent":1107,"menu_order":0,"comment_status":"open","ping_status":"open","template":"template-mappa.php","meta":{"_acf_changed":false,"footnotes":""},"acf":[],"yoast_head":"<!-- This site is optimized with the Yoast SEO plugin v23.1 - https:\/\/yoast.com\/wordpress\/plugins\/seo\/ -->\n<title>Wie Sie uns erreichen<\/title>\n<meta name=\"description\" content=\"Das Lloyd Baia Hotel liegt an der Amalfi-K\u00fcste, an der Stra\u00dfe, Vietri sul Mare und Salerno verbindet. Pkws k\u00f6nnen unsere Parkplatz nutzen, und wer mit dem Zug oder dem Flugzeug anreisen, k\u00f6nnen einen Shuttle-Service, nur um Voranmeldung statt.\" \/>\n<meta name=\"robots\" content=\"index, follow, max-snippet:-1, max-image-preview:large, max-video-preview:-1\" \/>\n<link rel=\"canonical\" href=\"https:\/\/www.lloydsbaiahotel.it\/de\/wo-wir-sind\/wie-sie-uns-erreichen\/\" \/>\n<meta property=\"og:locale\" content=\"de_DE\" \/>\n<meta property=\"og:type\" content=\"article\" \/>\n<meta property=\"og:title\" content=\"Wie Sie uns erreichen\" \/>\n<meta property=\"og:description\" content=\"Das Lloyd Baia Hotel liegt an der Amalfi-K\u00fcste, an der Stra\u00dfe, Vietri sul Mare und Salerno verbindet. Pkws k\u00f6nnen unsere Parkplatz nutzen, und wer mit dem Zug oder dem Flugzeug anreisen, k\u00f6nnen einen Shuttle-Service, nur um Voranmeldung statt.\" \/>\n<meta property=\"og:url\" content=\"https:\/\/www.lloydsbaiahotel.it\/de\/wo-wir-sind\/wie-sie-uns-erreichen\/\" \/>\n<meta property=\"og:site_name\" content=\"Lloyd&#039;s Baia\" \/>\n<meta property=\"article:modified_time\" content=\"2015-10-26T15:48:51+00:00\" \/>\n<meta property=\"og:image\" content=\"https:\/\/www.lloydsbaiahotel.it\/wp-content\/uploads\/2015\/05\/comeraggiuncerci.jpg\" \/>\n\t<meta property=\"og:image:width\" content=\"1680\" \/>\n\t<meta property=\"og:image:height\" content=\"1050\" \/>\n\t<meta property=\"og:image:type\" content=\"image\/jpeg\" \/>\n<meta name=\"twitter:card\" content=\"summary_large_image\" \/>\n<script type=\"application\/ld+json\" class=\"yoast-schema-graph\">{\"@context\":\"https:\/\/schema.org\",\"@graph\":[{\"@type\":\"WebPage\",\"@id\":\"https:\/\/www.lloydsbaiahotel.it\/de\/wo-wir-sind\/wie-sie-uns-erreichen\/\",\"url\":\"https:\/\/www.lloydsbaiahotel.it\/de\/wo-wir-sind\/wie-sie-uns-erreichen\/\",\"name\":\"Wie Sie uns erreichen\",\"isPartOf\":{\"@id\":\"https:\/\/www.lloydsbaiahotel.it\/#website\"},\"primaryImageOfPage\":{\"@id\":\"https:\/\/www.lloydsbaiahotel.it\/de\/wo-wir-sind\/wie-sie-uns-erreichen\/#primaryimage\"},\"image\":{\"@id\":\"https:\/\/www.lloydsbaiahotel.it\/de\/wo-wir-sind\/wie-sie-uns-erreichen\/#primaryimage\"},\"thumbnailUrl\":\"https:\/\/www.lloydsbaiahotel.it\/wp-content\/uploads\/2015\/05\/comeraggiuncerci.jpg\",\"datePublished\":\"2015-05-12T12:58:20+00:00\",\"dateModified\":\"2015-10-26T15:48:51+00:00\",\"description\":\"Das Lloyd Baia Hotel liegt an der Amalfi-K\u00fcste, an der Stra\u00dfe, Vietri sul Mare und Salerno verbindet. Pkws k\u00f6nnen unsere Parkplatz nutzen, und wer mit dem Zug oder dem Flugzeug anreisen, k\u00f6nnen einen Shuttle-Service, nur um Voranmeldung statt.\",\"breadcrumb\":{\"@id\":\"https:\/\/www.lloydsbaiahotel.it\/de\/wo-wir-sind\/wie-sie-uns-erreichen\/#breadcrumb\"},\"inLanguage\":\"de\",\"potentialAction\":[{\"@type\":\"ReadAction\",\"target\":[\"https:\/\/www.lloydsbaiahotel.it\/de\/wo-wir-sind\/wie-sie-uns-erreichen\/\"]}]},{\"@type\":\"ImageObject\",\"inLanguage\":\"de\",\"@id\":\"https:\/\/www.lloydsbaiahotel.it\/de\/wo-wir-sind\/wie-sie-uns-erreichen\/#primaryimage\",\"url\":\"https:\/\/www.lloydsbaiahotel.it\/wp-content\/uploads\/2015\/05\/comeraggiuncerci.jpg\",\"contentUrl\":\"https:\/\/www.lloydsbaiahotel.it\/wp-content\/uploads\/2015\/05\/comeraggiuncerci.jpg\",\"width\":1680,\"height\":1050},{\"@type\":\"BreadcrumbList\",\"@id\":\"https:\/\/www.lloydsbaiahotel.it\/de\/wo-wir-sind\/wie-sie-uns-erreichen\/#breadcrumb\",\"itemListElement\":[{\"@type\":\"ListItem\",\"position\":1,\"name\":\"Home\",\"item\":\"https:\/\/www.lloydsbaiahotel.it\/de\/\"},{\"@type\":\"ListItem\",\"position\":2,\"name\":\"Wo wir sind\",\"item\":\"https:\/\/www.lloydsbaiahotel.it\/de\/wo-wir-sind\/\"},{\"@type\":\"ListItem\",\"position\":3,\"name\":\"Wie Sie uns erreichen\"}]},{\"@type\":\"WebSite\",\"@id\":\"https:\/\/www.lloydsbaiahotel.it\/#website\",\"url\":\"https:\/\/www.lloydsbaiahotel.it\/\",\"name\":\"Lloyd&#039;s Baia\",\"description\":\"\",\"potentialAction\":[{\"@type\":\"SearchAction\",\"target\":{\"@type\":\"EntryPoint\",\"urlTemplate\":\"https:\/\/www.lloydsbaiahotel.it\/?s={search_term_string}\"},\"query-input\":\"required name=search_term_string\"}],\"inLanguage\":\"de\"}]}<\/script>\n<!-- \/ Yoast SEO plugin. -->","yoast_head_json":{"title":"Wie Sie uns erreichen","description":"Das Lloyd Baia Hotel liegt an der Amalfi-K\u00fcste, an der Stra\u00dfe, Vietri sul Mare und Salerno verbindet. Pkws k\u00f6nnen unsere Parkplatz nutzen, und wer mit dem Zug oder dem Flugzeug anreisen, k\u00f6nnen einen Shuttle-Service, nur um Voranmeldung statt.","robots":{"index":"index","follow":"follow","max-snippet":"max-snippet:-1","max-image-preview":"max-image-preview:large","max-video-preview":"max-video-preview:-1"},"canonical":"https:\/\/www.lloydsbaiahotel.it\/de\/wo-wir-sind\/wie-sie-uns-erreichen\/","og_locale":"de_DE","og_type":"article","og_title":"Wie Sie uns erreichen","og_description":"Das Lloyd Baia Hotel liegt an der Amalfi-K\u00fcste, an der Stra\u00dfe, Vietri sul Mare und Salerno verbindet. Pkws k\u00f6nnen unsere Parkplatz nutzen, und wer mit dem Zug oder dem Flugzeug anreisen, k\u00f6nnen einen Shuttle-Service, nur um Voranmeldung statt.","og_url":"https:\/\/www.lloydsbaiahotel.it\/de\/wo-wir-sind\/wie-sie-uns-erreichen\/","og_site_name":"Lloyd&#039;s Baia","article_modified_time":"2015-10-26T15:48:51+00:00","og_image":[{"width":1680,"height":1050,"url":"https:\/\/www.lloydsbaiahotel.it\/wp-content\/uploads\/2015\/05\/comeraggiuncerci.jpg","type":"image\/jpeg"}],"twitter_card":"summary_large_image","schema":{"@context":"https:\/\/schema.org","@graph":[{"@type":"WebPage","@id":"https:\/\/www.lloydsbaiahotel.it\/de\/wo-wir-sind\/wie-sie-uns-erreichen\/","url":"https:\/\/www.lloydsbaiahotel.it\/de\/wo-wir-sind\/wie-sie-uns-erreichen\/","name":"Wie Sie uns erreichen","isPartOf":{"@id":"https:\/\/www.lloydsbaiahotel.it\/#website"},"primaryImageOfPage":{"@id":"https:\/\/www.lloydsbaiahotel.it\/de\/wo-wir-sind\/wie-sie-uns-erreichen\/#primaryimage"},"image":{"@id":"https:\/\/www.lloydsbaiahotel.it\/de\/wo-wir-sind\/wie-sie-uns-erreichen\/#primaryimage"},"thumbnailUrl":"https:\/\/www.lloydsbaiahotel.it\/wp-content\/uploads\/2015\/05\/comeraggiuncerci.jpg","datePublished":"2015-05-12T12:58:20+00:00","dateModified":"2015-10-26T15:48:51+00:00","description":"Das Lloyd Baia Hotel liegt an der Amalfi-K\u00fcste, an der Stra\u00dfe, Vietri sul Mare und Salerno verbindet. Pkws k\u00f6nnen unsere Parkplatz nutzen, und wer mit dem Zug oder dem Flugzeug anreisen, k\u00f6nnen einen Shuttle-Service, nur um Voranmeldung statt.","breadcrumb":{"@id":"https:\/\/www.lloydsbaiahotel.it\/de\/wo-wir-sind\/wie-sie-uns-erreichen\/#breadcrumb"},"inLanguage":"de","potentialAction":[{"@type":"ReadAction","target":["https:\/\/www.lloydsbaiahotel.it\/de\/wo-wir-sind\/wie-sie-uns-erreichen\/"]}]},{"@type":"ImageObject","inLanguage":"de","@id":"https:\/\/www.lloydsbaiahotel.it\/de\/wo-wir-sind\/wie-sie-uns-erreichen\/#primaryimage","url":"https:\/\/www.lloydsbaiahotel.it\/wp-content\/uploads\/2015\/05\/comeraggiuncerci.jpg","contentUrl":"https:\/\/www.lloydsbaiahotel.it\/wp-content\/uploads\/2015\/05\/comeraggiuncerci.jpg","width":1680,"height":1050},{"@type":"BreadcrumbList","@id":"https:\/\/www.lloydsbaiahotel.it\/de\/wo-wir-sind\/wie-sie-uns-erreichen\/#breadcrumb","itemListElement":[{"@type":"ListItem","position":1,"name":"Home","item":"https:\/\/www.lloydsbaiahotel.it\/de\/"},{"@type":"ListItem","position":2,"name":"Wo wir sind","item":"https:\/\/www.lloydsbaiahotel.it\/de\/wo-wir-sind\/"},{"@type":"ListItem","position":3,"name":"Wie Sie uns erreichen"}]},{"@type":"WebSite","@id":"https:\/\/www.lloydsbaiahotel.it\/#website","url":"https:\/\/www.lloydsbaiahotel.it\/","name":"Lloyd&#039;s Baia","description":"","potentialAction":[{"@type":"SearchAction","target":{"@type":"EntryPoint","urlTemplate":"https:\/\/www.lloydsbaiahotel.it\/?s={search_term_string}"},"query-input":"required name=search_term_string"}],"inLanguage":"de"}]}},"_links":{"self":[{"href":"https:\/\/www.lloydsbaiahotel.it\/de\/wp-json\/wp\/v2\/pages\/1176"}],"collection":[{"href":"https:\/\/www.lloydsbaiahotel.it\/de\/wp-json\/wp\/v2\/pages"}],"about":[{"href":"https:\/\/www.lloydsbaiahotel.it\/de\/wp-json\/wp\/v2\/types\/page"}],"author":[{"embeddable":true,"href":"https:\/\/www.lloydsbaiahotel.it\/de\/wp-json\/wp\/v2\/users\/1"}],"replies":[{"embeddable":true,"href":"https:\/\/www.lloydsbaiahotel.it\/de\/wp-json\/wp\/v2\/comments?post=1176"}],"version-history":[{"count":1,"href":"https:\/\/www.lloydsbaiahotel.it\/de\/wp-json\/wp\/v2\/pages\/1176\/revisions"}],"predecessor-version":[{"id":1177,"href":"https:\/\/www.lloydsbaiahotel.it\/de\/wp-json\/wp\/v2\/pages\/1176\/revisions\/1177"}],"up":[{"embeddable":true,"href":"https:\/\/www.lloydsbaiahotel.it\/de\/wp-json\/wp\/v2\/pages\/1107"}],"wp:featuredmedia":[{"embeddable":true,"href":"https:\/\/www.lloydsbaiahotel.it\/de\/wp-json\/wp\/v2\/media\/426"}],"wp:attachment":[{"href":"https:\/\/www.lloydsbaiahotel.it\/de\/wp-json\/wp\/v2\/media?parent=1176"}],"curies":[{"name":"wp","href":"https:\/\/api.w.org\/{rel}","templated":true}]}}